{"id":12181,"date":"2021-04-07T21:30:14","date_gmt":"2021-04-07T21:30:14","guid":{"rendered":"http:\/\/desguacedemotos.info\/index.php\/producto\/despiece-aprilia-rs-50-chesterfield\/"},"modified":"2021-04-07T21:30:14","modified_gmt":"2021-04-07T21:30:14","slug":"despiece-aprilia-rs-50-chesterfield","status":"publish","type":"product","link":"https:\/\/desguacedemotos.info\/index.php\/producto\/despiece-aprilia-rs-50-chesterfield\/","title":{"rendered":"DESPIECE APRILIA RS 50 CHESTERFIELD"},"content":{"rendered":"<p>Dispongo de las piezas que se ven en las fotos pinza de freno delantera con bomba y latiguillo 30 \u20ac basculante monobrazo completo 50 \u20ac llantas 60 \u20ac la pareja envio 15 \u20ac guardabarros delantero 20 \u20ac marcadores 40 \u20ac radiador 20 \u20ac amortiguador con bieletas 40 \u20ac freno trasero completo 40 \u20ac. Recambio usado, entrega en mano o env\u00edo a toda Espa\u00f1a. Llamenos de lunes a viernes de 10 a 20 y s\u00e1bados de 10 a 14.<\/p>\n","protected":false},"excerpt":{"rendered":"<p>Dispongo de las piezas que se ven en las fotos pinza de freno delantera con bomba y latiguillo 30 \u20ac basculante monobrazo completo 50 \u20ac llantas 60 \u20ac la pareja envio 15 \u20ac guardabarros delantero 20 \u20ac marcadores 40 \u20ac radiador 20 \u20ac amortiguador con bieletas 40 \u20ac freno trasero completo 40 \u20ac. Recambio usado,&hellip;&nbsp;<a href=\"https:\/\/desguacedemotos.info\/index.php\/producto\/despiece-aprilia-rs-50-chesterfield\/\" class=\"\" rel=\"bookmark\">Leer m\u00e1s &raquo;<span class=\"screen-reader-text\">DESPIECE APRILIA RS 50 CHESTERFIELD<\/span><\/a><\/p>\n","protected":false},"featured_media":2741,"template":"","meta":{"neve_meta_sidebar":"","neve_meta_container":"","neve_meta_enable_content_width":"","neve_meta_content_width":0,"neve_meta_title_alignment":"","neve_meta_author_avatar":"","neve_post_elements_order":"","neve_meta_disable_header":"","neve_meta_disable_footer":"","neve_meta_disable_title":"","_ti_tpc_template_sync":false,"_ti_tpc_template_id":"","_joinchat":[]},"product_cat":[1199],"product_tag":[],"_links":{"self":[{"href":"https:\/\/desguacedemotos.info\/index.php\/wp-json\/wp\/v2\/product\/12181"}],"collection":[{"href":"https:\/\/desguacedemotos.info\/index.php\/wp-json\/wp\/v2\/product"}],"about":[{"href":"https:\/\/desguacedemotos.info\/index.php\/wp-json\/wp\/v2\/types\/product"}],"version-history":[{"count":0,"href":"https:\/\/desguacedemotos.info\/index.php\/wp-json\/wp\/v2\/product\/12181\/revisions"}],"wp:featuredmedia":[{"embeddable":true,"href":"https:\/\/desguacedemotos.info\/index.php\/wp-json\/wp\/v2\/media\/2741"}],"wp:attachment":[{"href":"https:\/\/desguacedemotos.info\/index.php\/wp-json\/wp\/v2\/media?parent=12181"}],"wp:term":[{"taxonomy":"product_cat","embeddable":true,"href":"https:\/\/desguacedemotos.info\/index.php\/wp-json\/wp\/v2\/product_cat?post=12181"},{"taxonomy":"product_tag","embeddable":true,"href":"https:\/\/desguacedemotos.info\/index.php\/wp-json\/wp\/v2\/product_tag?post=12181"}],"curies":[{"name":"wp","href":"https:\/\/api.w.org\/{rel}","templated":true}]}}