{"id":12245,"date":"2021-04-07T21:30:26","date_gmt":"2021-04-07T21:30:26","guid":{"rendered":"http:\/\/desguacedemotos.info\/index.php\/producto\/despiece-aprilia-arrecife-250\/"},"modified":"2021-04-07T21:30:26","modified_gmt":"2021-04-07T21:30:26","slug":"despiece-aprilia-arrecife-250","status":"publish","type":"product","link":"https:\/\/desguacedemotos.info\/index.php\/producto\/despiece-aprilia-arrecife-250\/","title":{"rendered":"despiece aprilia arrecife 250"},"content":{"rendered":"<p>Repite completo de esta moto el motor se vende por piezas la moto entera est\u00e1 en buen estado solo se vende por piezas no se vende entera taxis de baja definitiva entregas en mano o env\u00edo a toda Espa\u00f1a<\/p>\n","protected":false},"excerpt":{"rendered":"<p>Repite completo de esta moto el motor se vende por piezas la moto entera est\u00e1 en buen estado solo se vende por piezas no se vende entera taxis de baja definitiva entregas en mano o env\u00edo a toda Espa\u00f1a<\/p>\n","protected":false},"featured_media":4873,"template":"","meta":{"neve_meta_sidebar":"","neve_meta_container":"","neve_meta_enable_content_width":"","neve_meta_content_width":0,"neve_meta_title_alignment":"","neve_meta_author_avatar":"","neve_post_elements_order":"","neve_meta_disable_header":"","neve_meta_disable_footer":"","neve_meta_disable_title":"","_ti_tpc_template_sync":false,"_ti_tpc_template_id":"","_joinchat":[]},"product_cat":[1203],"product_tag":[],"_links":{"self":[{"href":"https:\/\/desguacedemotos.info\/index.php\/wp-json\/wp\/v2\/product\/12245"}],"collection":[{"href":"https:\/\/desguacedemotos.info\/index.php\/wp-json\/wp\/v2\/product"}],"about":[{"href":"https:\/\/desguacedemotos.info\/index.php\/wp-json\/wp\/v2\/types\/product"}],"version-history":[{"count":0,"href":"https:\/\/desguacedemotos.info\/index.php\/wp-json\/wp\/v2\/product\/12245\/revisions"}],"wp:featuredmedia":[{"embeddable":true,"href":"https:\/\/desguacedemotos.info\/index.php\/wp-json\/wp\/v2\/media\/4873"}],"wp:attachment":[{"href":"https:\/\/desguacedemotos.info\/index.php\/wp-json\/wp\/v2\/media?parent=12245"}],"wp:term":[{"taxonomy":"product_cat","embeddable":true,"href":"https:\/\/desguacedemotos.info\/index.php\/wp-json\/wp\/v2\/product_cat?post=12245"},{"taxonomy":"product_tag","embeddable":true,"href":"https:\/\/desguacedemotos.info\/index.php\/wp-json\/wp\/v2\/product_tag?post=12245"}],"curies":[{"name":"wp","href":"https:\/\/api.w.org\/{rel}","templated":true}]}}