{"id":12435,"date":"2021-04-07T21:39:31","date_gmt":"2021-04-07T21:39:31","guid":{"rendered":"http:\/\/desguacedemotos.info\/index.php\/producto\/despiece-daelim-s2-125-fi\/"},"modified":"2021-04-07T21:39:31","modified_gmt":"2021-04-07T21:39:31","slug":"despiece-daelim-s2-125-fi","status":"publish","type":"product","link":"https:\/\/desguacedemotos.info\/index.php\/producto\/despiece-daelim-s2-125-fi\/","title":{"rendered":"despiece Daelim S2 125 fi"},"content":{"rendered":"<p>NO TENGO C\u00daPULA.despiece de esta moto motor en buenas condiciones 16000 km marcador ruedas horquilla pl\u00e1sticos retrovisores etc disponemos de todos los recambios ( excepto bomb\u00edn de arranque y asideros) c\u00fapula sin roturas pero comida por el sol. entregas en mano o env\u00edo a toda Espa\u00f1a<\/p>\n","protected":false},"excerpt":{"rendered":"<p>NO TENGO C\u00daPULA.despiece de esta moto motor en buenas condiciones 16000 km marcador ruedas horquilla pl\u00e1sticos retrovisores etc disponemos de todos los recambios ( excepto bomb\u00edn de arranque y asideros) c\u00fapula sin roturas pero comida por el sol. entregas en mano o env\u00edo a toda Espa\u00f1a<\/p>\n","protected":false},"featured_media":1538,"template":"","meta":{"neve_meta_sidebar":"","neve_meta_container":"","neve_meta_enable_content_width":"","neve_meta_content_width":0,"neve_meta_title_alignment":"","neve_meta_author_avatar":"","neve_post_elements_order":"","neve_meta_disable_header":"","neve_meta_disable_footer":"","neve_meta_disable_title":"","_ti_tpc_template_sync":false,"_ti_tpc_template_id":"","_joinchat":[]},"product_cat":[1230],"product_tag":[],"_links":{"self":[{"href":"https:\/\/desguacedemotos.info\/index.php\/wp-json\/wp\/v2\/product\/12435"}],"collection":[{"href":"https:\/\/desguacedemotos.info\/index.php\/wp-json\/wp\/v2\/product"}],"about":[{"href":"https:\/\/desguacedemotos.info\/index.php\/wp-json\/wp\/v2\/types\/product"}],"version-history":[{"count":0,"href":"https:\/\/desguacedemotos.info\/index.php\/wp-json\/wp\/v2\/product\/12435\/revisions"}],"wp:featuredmedia":[{"embeddable":true,"href":"https:\/\/desguacedemotos.info\/index.php\/wp-json\/wp\/v2\/media\/1538"}],"wp:attachment":[{"href":"https:\/\/desguacedemotos.info\/index.php\/wp-json\/wp\/v2\/media?parent=12435"}],"wp:term":[{"taxonomy":"product_cat","embeddable":true,"href":"https:\/\/desguacedemotos.info\/index.php\/wp-json\/wp\/v2\/product_cat?post=12435"},{"taxonomy":"product_tag","embeddable":true,"href":"https:\/\/desguacedemotos.info\/index.php\/wp-json\/wp\/v2\/product_tag?post=12435"}],"curies":[{"name":"wp","href":"https:\/\/api.w.org\/{rel}","templated":true}]}}