{"id":12467,"date":"2021-04-07T21:39:37","date_gmt":"2021-04-07T21:39:37","guid":{"rendered":"http:\/\/desguacedemotos.info\/index.php\/producto\/daelim-roadwin-125-r-fi-despiece\/"},"modified":"2021-04-07T21:39:37","modified_gmt":"2021-04-07T21:39:37","slug":"daelim-roadwin-125-r-fi-despiece","status":"publish","type":"product","link":"https:\/\/desguacedemotos.info\/index.php\/producto\/daelim-roadwin-125-r-fi-despiece\/","title":{"rendered":"Daelim Roadwin 125 R fi despiece"},"content":{"rendered":"<p>A\u00f1o 2008 la moto tiene bien todo pero no se vende completa solo por despiece el motor est\u00e1 funcionando correctamente el precio ser\u00eda en 400 \u20ac el bloque sin motor de arranque y alternador por separado culata 200 bloque solo 300 alternador 100 \u20ac cuerpo de inyecci\u00f3n 90 \u20ac rueda trasera con neum\u00e1tico nuevo pr\u00e1cticamente 120 \u20ac rueda delantera 80 \u20ac con neum\u00e1tico nuevo kit de pl\u00e1sticos 300 \u20ac todo el kit centralita 90 bomba de combustible 100 \u20ac marcador 100 \u20ac horquilla 150 retrovisores 50 \u20ac la pareja tubo de escape completo 140 \u20ac regulador 50 estriberas 30 \u20ac unidad resto de piezas preguntar<\/p>\n","protected":false},"excerpt":{"rendered":"<p>A\u00f1o 2008 la moto tiene bien todo pero no se vende completa solo por despiece el motor est\u00e1 funcionando correctamente el precio ser\u00eda en 400 \u20ac el bloque sin motor de arranque y alternador por separado culata 200 bloque solo 300 alternador 100 \u20ac cuerpo de inyecci\u00f3n 90 \u20ac rueda trasera con neum\u00e1tico nuevo pr\u00e1cticamente&hellip;&nbsp;<a href=\"https:\/\/desguacedemotos.info\/index.php\/producto\/daelim-roadwin-125-r-fi-despiece\/\" class=\"\" rel=\"bookmark\">Leer m\u00e1s &raquo;<span class=\"screen-reader-text\">Daelim Roadwin 125 R fi despiece<\/span><\/a><\/p>\n","protected":false},"featured_media":2355,"template":"","meta":{"neve_meta_sidebar":"","neve_meta_container":"","neve_meta_enable_content_width":"","neve_meta_content_width":0,"neve_meta_title_alignment":"","neve_meta_author_avatar":"","neve_post_elements_order":"","neve_meta_disable_header":"","neve_meta_disable_footer":"","neve_meta_disable_title":"","_ti_tpc_template_sync":false,"_ti_tpc_template_id":"","_joinchat":[]},"product_cat":[1233],"product_tag":[],"_links":{"self":[{"href":"https:\/\/desguacedemotos.info\/index.php\/wp-json\/wp\/v2\/product\/12467"}],"collection":[{"href":"https:\/\/desguacedemotos.info\/index.php\/wp-json\/wp\/v2\/product"}],"about":[{"href":"https:\/\/desguacedemotos.info\/index.php\/wp-json\/wp\/v2\/types\/product"}],"version-history":[{"count":0,"href":"https:\/\/desguacedemotos.info\/index.php\/wp-json\/wp\/v2\/product\/12467\/revisions"}],"wp:featuredmedia":[{"embeddable":true,"href":"https:\/\/desguacedemotos.info\/index.php\/wp-json\/wp\/v2\/media\/2355"}],"wp:attachment":[{"href":"https:\/\/desguacedemotos.info\/index.php\/wp-json\/wp\/v2\/media?parent=12467"}],"wp:term":[{"taxonomy":"product_cat","embeddable":true,"href":"https:\/\/desguacedemotos.info\/index.php\/wp-json\/wp\/v2\/product_cat?post=12467"},{"taxonomy":"product_tag","embeddable":true,"href":"https:\/\/desguacedemotos.info\/index.php\/wp-json\/wp\/v2\/product_tag?post=12467"}],"curies":[{"name":"wp","href":"https:\/\/api.w.org\/{rel}","templated":true}]}}