{"id":12512,"date":"2021-04-07T21:39:45","date_gmt":"2021-04-07T21:39:45","guid":{"rendered":"http:\/\/desguacedemotos.info\/index.php\/producto\/daelim-daystar\/"},"modified":"2021-04-07T21:39:45","modified_gmt":"2021-04-07T21:39:45","slug":"daelim-daystar","status":"publish","type":"product","link":"https:\/\/desguacedemotos.info\/index.php\/producto\/daelim-daystar\/","title":{"rendered":"DAELIM DAYSTAR"},"content":{"rendered":"<p>Dispongo de las piezas que se ven las fotos de una Daelim Daystar piloto trasero 20 \u20ac bobina de altas 30 \u20ac kit de cerraduras 40 \u20ac embellecedores 20 \u20ac unidad caballete central 20 \u20ac apoya pies delanteros 40 \u20ac todo carcasa de pl\u00e1stico tapa lado izquierdo 20 \u20ac freno delantero completo 50 \u20ac mando de luces 20 \u20ac. Recambio usado, entrega en mano o env\u00edo a toda Espa\u00f1a. Llamenos de lunes a viernes de 10 a 20 y s\u00e1bados de 10 a 14.<\/p>\n","protected":false},"excerpt":{"rendered":"<p>Dispongo de las piezas que se ven las fotos de una Daelim Daystar piloto trasero 20 \u20ac bobina de altas 30 \u20ac kit de cerraduras 40 \u20ac embellecedores 20 \u20ac unidad caballete central 20 \u20ac apoya pies delanteros 40 \u20ac todo carcasa de pl\u00e1stico tapa lado izquierdo 20 \u20ac freno delantero completo 50 \u20ac mando&hellip;&nbsp;<a href=\"https:\/\/desguacedemotos.info\/index.php\/producto\/daelim-daystar\/\" class=\"\" rel=\"bookmark\">Leer m\u00e1s &raquo;<span class=\"screen-reader-text\">DAELIM DAYSTAR<\/span><\/a><\/p>\n","protected":false},"featured_media":3621,"template":"","meta":{"neve_meta_sidebar":"","neve_meta_container":"","neve_meta_enable_content_width":"","neve_meta_content_width":0,"neve_meta_title_alignment":"","neve_meta_author_avatar":"","neve_post_elements_order":"","neve_meta_disable_header":"","neve_meta_disable_footer":"","neve_meta_disable_title":"","_ti_tpc_template_sync":false,"_ti_tpc_template_id":"","_joinchat":[]},"product_cat":[1231],"product_tag":[],"_links":{"self":[{"href":"https:\/\/desguacedemotos.info\/index.php\/wp-json\/wp\/v2\/product\/12512"}],"collection":[{"href":"https:\/\/desguacedemotos.info\/index.php\/wp-json\/wp\/v2\/product"}],"about":[{"href":"https:\/\/desguacedemotos.info\/index.php\/wp-json\/wp\/v2\/types\/product"}],"version-history":[{"count":0,"href":"https:\/\/desguacedemotos.info\/index.php\/wp-json\/wp\/v2\/product\/12512\/revisions"}],"wp:featuredmedia":[{"embeddable":true,"href":"https:\/\/desguacedemotos.info\/index.php\/wp-json\/wp\/v2\/media\/3621"}],"wp:attachment":[{"href":"https:\/\/desguacedemotos.info\/index.php\/wp-json\/wp\/v2\/media?parent=12512"}],"wp:term":[{"taxonomy":"product_cat","embeddable":true,"href":"https:\/\/desguacedemotos.info\/index.php\/wp-json\/wp\/v2\/product_cat?post=12512"},{"taxonomy":"product_tag","embeddable":true,"href":"https:\/\/desguacedemotos.info\/index.php\/wp-json\/wp\/v2\/product_tag?post=12512"}],"curies":[{"name":"wp","href":"https:\/\/api.w.org\/{rel}","templated":true}]}}