{"id":12562,"date":"2021-04-07T21:39:56","date_gmt":"2021-04-07T21:39:56","guid":{"rendered":"http:\/\/desguacedemotos.info\/index.php\/producto\/daelim-daystar-125\/"},"modified":"2021-04-07T21:39:56","modified_gmt":"2021-04-07T21:39:56","slug":"daelim-daystar-125","status":"publish","type":"product","link":"https:\/\/desguacedemotos.info\/index.php\/producto\/daelim-daystar-125\/","title":{"rendered":"DAELIM DAYSTAR 125"},"content":{"rendered":"<p>Dispongo de todo tipo de recambios para esta moto se encuentra en buen estado motor funcionando chasis documentado modelo de carburaci\u00f3n a\u00f1o 2006 faro horquilla ruedas frenos instalaci\u00f3n el\u00e9ctrica centralita regulador etc dispongo de todo. Recambio usado, entrega en mano o env\u00edo a toda Espa\u00f1a. Llamenos de lunes a viernes de 10 a 20 y s\u00e1bados de 10 a 14.<\/p>\n","protected":false},"excerpt":{"rendered":"<p>Dispongo de todo tipo de recambios para esta moto se encuentra en buen estado motor funcionando chasis documentado modelo de carburaci\u00f3n a\u00f1o 2006 faro horquilla ruedas frenos instalaci\u00f3n el\u00e9ctrica centralita regulador etc dispongo de todo. Recambio usado, entrega en mano o env\u00edo a toda Espa\u00f1a. Llamenos de lunes a viernes de 10 a 20 y&hellip;&nbsp;<a href=\"https:\/\/desguacedemotos.info\/index.php\/producto\/daelim-daystar-125\/\" class=\"\" rel=\"bookmark\">Leer m\u00e1s &raquo;<span class=\"screen-reader-text\">DAELIM DAYSTAR 125<\/span><\/a><\/p>\n","protected":false},"featured_media":5203,"template":"","meta":{"neve_meta_sidebar":"","neve_meta_container":"","neve_meta_enable_content_width":"","neve_meta_content_width":0,"neve_meta_title_alignment":"","neve_meta_author_avatar":"","neve_post_elements_order":"","neve_meta_disable_header":"","neve_meta_disable_footer":"","neve_meta_disable_title":"","_ti_tpc_template_sync":false,"_ti_tpc_template_id":"","_joinchat":[]},"product_cat":[1231],"product_tag":[],"_links":{"self":[{"href":"https:\/\/desguacedemotos.info\/index.php\/wp-json\/wp\/v2\/product\/12562"}],"collection":[{"href":"https:\/\/desguacedemotos.info\/index.php\/wp-json\/wp\/v2\/product"}],"about":[{"href":"https:\/\/desguacedemotos.info\/index.php\/wp-json\/wp\/v2\/types\/product"}],"version-history":[{"count":0,"href":"https:\/\/desguacedemotos.info\/index.php\/wp-json\/wp\/v2\/product\/12562\/revisions"}],"wp:featuredmedia":[{"embeddable":true,"href":"https:\/\/desguacedemotos.info\/index.php\/wp-json\/wp\/v2\/media\/5203"}],"wp:attachment":[{"href":"https:\/\/desguacedemotos.info\/index.php\/wp-json\/wp\/v2\/media?parent=12562"}],"wp:term":[{"taxonomy":"product_cat","embeddable":true,"href":"https:\/\/desguacedemotos.info\/index.php\/wp-json\/wp\/v2\/product_cat?post=12562"},{"taxonomy":"product_tag","embeddable":true,"href":"https:\/\/desguacedemotos.info\/index.php\/wp-json\/wp\/v2\/product_tag?post=12562"}],"curies":[{"name":"wp","href":"https:\/\/api.w.org\/{rel}","templated":true}]}}