{"id":12626,"date":"2021-04-07T21:40:10","date_gmt":"2021-04-07T21:40:10","guid":{"rendered":"http:\/\/desguacedemotos.info\/index.php\/producto\/mariposa-daelim-s3\/"},"modified":"2021-04-07T21:40:10","modified_gmt":"2021-04-07T21:40:10","slug":"mariposa-daelim-s3","status":"publish","type":"product","link":"https:\/\/desguacedemotos.info\/index.php\/producto\/mariposa-daelim-s3\/","title":{"rendered":"mariposa daelim s3"},"content":{"rendered":"<p>Mariposa inyecci\u00f3n Daelim S3 a\u00f1o 2010 entrega en mano o env\u00edo a toda Espa\u00f1a moto recambios Vid\u00e1n solo atendemos llamadas 615 213 587<\/p>\n","protected":false},"excerpt":{"rendered":"<p>Mariposa inyecci\u00f3n Daelim S3 a\u00f1o 2010 entrega en mano o env\u00edo a toda Espa\u00f1a moto recambios Vid\u00e1n solo atendemos llamadas 615 213 587<\/p>\n","protected":false},"featured_media":8186,"template":"","meta":{"neve_meta_sidebar":"","neve_meta_container":"","neve_meta_enable_content_width":"","neve_meta_content_width":0,"neve_meta_title_alignment":"","neve_meta_author_avatar":"","neve_post_elements_order":"","neve_meta_disable_header":"","neve_meta_disable_footer":"","neve_meta_disable_title":"","_ti_tpc_template_sync":false,"_ti_tpc_template_id":"","_joinchat":[]},"product_cat":[1234],"product_tag":[],"_links":{"self":[{"href":"https:\/\/desguacedemotos.info\/index.php\/wp-json\/wp\/v2\/product\/12626"}],"collection":[{"href":"https:\/\/desguacedemotos.info\/index.php\/wp-json\/wp\/v2\/product"}],"about":[{"href":"https:\/\/desguacedemotos.info\/index.php\/wp-json\/wp\/v2\/types\/product"}],"version-history":[{"count":0,"href":"https:\/\/desguacedemotos.info\/index.php\/wp-json\/wp\/v2\/product\/12626\/revisions"}],"wp:featuredmedia":[{"embeddable":true,"href":"https:\/\/desguacedemotos.info\/index.php\/wp-json\/wp\/v2\/media\/8186"}],"wp:attachment":[{"href":"https:\/\/desguacedemotos.info\/index.php\/wp-json\/wp\/v2\/media?parent=12626"}],"wp:term":[{"taxonomy":"product_cat","embeddable":true,"href":"https:\/\/desguacedemotos.info\/index.php\/wp-json\/wp\/v2\/product_cat?post=12626"},{"taxonomy":"product_tag","embeddable":true,"href":"https:\/\/desguacedemotos.info\/index.php\/wp-json\/wp\/v2\/product_tag?post=12626"}],"curies":[{"name":"wp","href":"https:\/\/api.w.org\/{rel}","templated":true}]}}