{"id":12677,"date":"2021-04-07T21:48:34","date_gmt":"2021-04-07T21:48:34","guid":{"rendered":"http:\/\/desguacedemotos.info\/index.php\/producto\/derbi-gp1-open-50-cc\/"},"modified":"2021-04-07T21:48:34","modified_gmt":"2021-04-07T21:48:34","slug":"derbi-gp1-open-50-cc","status":"publish","type":"product","link":"https:\/\/desguacedemotos.info\/index.php\/producto\/derbi-gp1-open-50-cc\/","title":{"rendered":"DERBI GP1 OPEN 50 CC"},"content":{"rendered":"<p>Despieces derbi GP1 50 tengo las piezas que salen en las fotos bomb\u00edn con llave 30 \u20ac regulador de corriente 20 \u20ac dep\u00f3sito con radiador 30 \u20ac caballete 20. Recambio usado, entrega en mano o env\u00edo a toda Espa\u00f1a. Llamenos de lunes a viernes de 10 a 20 y s\u00e1bados de 10 a 14.<\/p>\n","protected":false},"excerpt":{"rendered":"<p>Despieces derbi GP1 50 tengo las piezas que salen en las fotos bomb\u00edn con llave 30 \u20ac regulador de corriente 20 \u20ac dep\u00f3sito con radiador 30 \u20ac caballete 20. Recambio usado, entrega en mano o env\u00edo a toda Espa\u00f1a. Llamenos de lunes a viernes de 10 a 20 y s\u00e1bados de 10 a 14.<\/p>\n","protected":false},"featured_media":7006,"template":"","meta":{"neve_meta_sidebar":"","neve_meta_container":"","neve_meta_enable_content_width":"","neve_meta_content_width":0,"neve_meta_title_alignment":"","neve_meta_author_avatar":"","neve_post_elements_order":"","neve_meta_disable_header":"","neve_meta_disable_footer":"","neve_meta_disable_title":"","_ti_tpc_template_sync":false,"_ti_tpc_template_id":"","_joinchat":[]},"product_cat":[1244],"product_tag":[],"_links":{"self":[{"href":"https:\/\/desguacedemotos.info\/index.php\/wp-json\/wp\/v2\/product\/12677"}],"collection":[{"href":"https:\/\/desguacedemotos.info\/index.php\/wp-json\/wp\/v2\/product"}],"about":[{"href":"https:\/\/desguacedemotos.info\/index.php\/wp-json\/wp\/v2\/types\/product"}],"version-history":[{"count":0,"href":"https:\/\/desguacedemotos.info\/index.php\/wp-json\/wp\/v2\/product\/12677\/revisions"}],"wp:featuredmedia":[{"embeddable":true,"href":"https:\/\/desguacedemotos.info\/index.php\/wp-json\/wp\/v2\/media\/7006"}],"wp:attachment":[{"href":"https:\/\/desguacedemotos.info\/index.php\/wp-json\/wp\/v2\/media?parent=12677"}],"wp:term":[{"taxonomy":"product_cat","embeddable":true,"href":"https:\/\/desguacedemotos.info\/index.php\/wp-json\/wp\/v2\/product_cat?post=12677"},{"taxonomy":"product_tag","embeddable":true,"href":"https:\/\/desguacedemotos.info\/index.php\/wp-json\/wp\/v2\/product_tag?post=12677"}],"curies":[{"name":"wp","href":"https:\/\/api.w.org\/{rel}","templated":true}]}}