{"id":12688,"date":"2021-04-07T21:50:37","date_gmt":"2021-04-07T21:50:37","guid":{"rendered":"http:\/\/desguacedemotos.info\/index.php\/producto\/tapa-embrague-ducati-multistrada-1200\/"},"modified":"2021-04-08T17:51:10","modified_gmt":"2021-04-08T17:51:10","slug":"tapa-embrague-ducati-multistrada-1200","status":"publish","type":"product","link":"https:\/\/desguacedemotos.info\/index.php\/producto\/tapa-embrague-ducati-multistrada-1200\/","title":{"rendered":"TAPA EMBRAGUE DUCATI MULTISTRADA 1200"},"content":{"rendered":"<p>Tapa ducati testastretta 11. Recambio usado, entrega en mano o env\u00edo a toda Espa\u00f1a. Llamenos de lunes a viernes de 10 a 20 y s\u00e1bados de 10 a 14.<\/p>\n","protected":false},"excerpt":{"rendered":"<p>Tapa ducati testastretta 11. Recambio usado, entrega en mano o env\u00edo a toda Espa\u00f1a. Llamenos de lunes a viernes de 10 a 20 y s\u00e1bados de 10 a 14.<\/p>\n","protected":false},"featured_media":1123,"template":"","meta":{"neve_meta_sidebar":"","neve_meta_container":"","neve_meta_enable_content_width":"","neve_meta_content_width":0,"neve_meta_title_alignment":"","neve_meta_author_avatar":"","neve_post_elements_order":"","neve_meta_disable_header":"","neve_meta_disable_footer":"","neve_meta_disable_title":"","_ti_tpc_template_sync":false,"_ti_tpc_template_id":"","_joinchat":[]},"product_cat":[1249],"product_tag":[],"_links":{"self":[{"href":"https:\/\/desguacedemotos.info\/index.php\/wp-json\/wp\/v2\/product\/12688"}],"collection":[{"href":"https:\/\/desguacedemotos.info\/index.php\/wp-json\/wp\/v2\/product"}],"about":[{"href":"https:\/\/desguacedemotos.info\/index.php\/wp-json\/wp\/v2\/types\/product"}],"version-history":[{"count":1,"href":"https:\/\/desguacedemotos.info\/index.php\/wp-json\/wp\/v2\/product\/12688\/revisions"}],"predecessor-version":[{"id":15723,"href":"https:\/\/desguacedemotos.info\/index.php\/wp-json\/wp\/v2\/product\/12688\/revisions\/15723"}],"wp:featuredmedia":[{"embeddable":true,"href":"https:\/\/desguacedemotos.info\/index.php\/wp-json\/wp\/v2\/media\/1123"}],"wp:attachment":[{"href":"https:\/\/desguacedemotos.info\/index.php\/wp-json\/wp\/v2\/media?parent=12688"}],"wp:term":[{"taxonomy":"product_cat","embeddable":true,"href":"https:\/\/desguacedemotos.info\/index.php\/wp-json\/wp\/v2\/product_cat?post=12688"},{"taxonomy":"product_tag","embeddable":true,"href":"https:\/\/desguacedemotos.info\/index.php\/wp-json\/wp\/v2\/product_tag?post=12688"}],"curies":[{"name":"wp","href":"https:\/\/api.w.org\/{rel}","templated":true}]}}