{"id":13105,"date":"2021-04-07T22:01:01","date_gmt":"2021-04-07T22:01:01","guid":{"rendered":"http:\/\/desguacedemotos.info\/index.php\/producto\/hyosung-aquila-250-efi-ano-2012\/"},"modified":"2021-04-07T22:01:01","modified_gmt":"2021-04-07T22:01:01","slug":"hyosung-aquila-250-efi-ano-2012","status":"publish","type":"product","link":"https:\/\/desguacedemotos.info\/index.php\/producto\/hyosung-aquila-250-efi-ano-2012\/","title":{"rendered":"Hyosung Aquila 250 EFI a\u00f1o 2012"},"content":{"rendered":"<p>perfectas condiciones itv reci\u00e9n pasada hasta julio 2022 reci\u00e9n revisada, 9900 km reales ,neum\u00e1ticos nuevos, lista para disfrutarla se puede enviar a cualquier punto de Espa\u00f1a por 70 \u20ac aparte. por favor solo personas ser\u00edas no me interesan cambios ni estupideces similares. moto recambios vidan.615213587<\/p>\n","protected":false},"excerpt":{"rendered":"<p>perfectas condiciones itv reci\u00e9n pasada hasta julio 2022 reci\u00e9n revisada, 9900 km reales ,neum\u00e1ticos nuevos, lista para disfrutarla se puede enviar a cualquier punto de Espa\u00f1a por 70 \u20ac aparte. por favor solo personas ser\u00edas no me interesan cambios ni estupideces similares. moto recambios vidan.615213587<\/p>\n","protected":false},"featured_media":1107,"template":"","meta":{"neve_meta_sidebar":"","neve_meta_container":"","neve_meta_enable_content_width":"","neve_meta_content_width":0,"neve_meta_title_alignment":"","neve_meta_author_avatar":"","neve_post_elements_order":"","neve_meta_disable_header":"","neve_meta_disable_footer":"","neve_meta_disable_title":"","_ti_tpc_template_sync":false,"_ti_tpc_template_id":"","_joinchat":[]},"product_cat":[1307],"product_tag":[],"_links":{"self":[{"href":"https:\/\/desguacedemotos.info\/index.php\/wp-json\/wp\/v2\/product\/13105"}],"collection":[{"href":"https:\/\/desguacedemotos.info\/index.php\/wp-json\/wp\/v2\/product"}],"about":[{"href":"https:\/\/desguacedemotos.info\/index.php\/wp-json\/wp\/v2\/types\/product"}],"version-history":[{"count":0,"href":"https:\/\/desguacedemotos.info\/index.php\/wp-json\/wp\/v2\/product\/13105\/revisions"}],"wp:featuredmedia":[{"embeddable":true,"href":"https:\/\/desguacedemotos.info\/index.php\/wp-json\/wp\/v2\/media\/1107"}],"wp:attachment":[{"href":"https:\/\/desguacedemotos.info\/index.php\/wp-json\/wp\/v2\/media?parent=13105"}],"wp:term":[{"taxonomy":"product_cat","embeddable":true,"href":"https:\/\/desguacedemotos.info\/index.php\/wp-json\/wp\/v2\/product_cat?post=13105"},{"taxonomy":"product_tag","embeddable":true,"href":"https:\/\/desguacedemotos.info\/index.php\/wp-json\/wp\/v2\/product_tag?post=13105"}],"curies":[{"name":"wp","href":"https:\/\/api.w.org\/{rel}","templated":true}]}}