{"id":13108,"date":"2021-04-07T22:01:01","date_gmt":"2021-04-07T22:01:01","guid":{"rendered":"http:\/\/desguacedemotos.info\/index.php\/producto\/escape-hyosung-aquila-250\/"},"modified":"2021-04-07T22:01:01","modified_gmt":"2021-04-07T22:01:01","slug":"escape-hyosung-aquila-250","status":"publish","type":"product","link":"https:\/\/desguacedemotos.info\/index.php\/producto\/escape-hyosung-aquila-250\/","title":{"rendered":"escape hyosung aquila 250"},"content":{"rendered":"<p>Modelo de carburaci\u00f3n se vende tal cual se ve en las fotos le faltar\u00eda la cola superior entrega en mano o enviamos a toda Espa\u00f1a<\/p>\n","protected":false},"excerpt":{"rendered":"<p>Modelo de carburaci\u00f3n se vende tal cual se ve en las fotos le faltar\u00eda la cola superior entrega en mano o enviamos a toda Espa\u00f1a<\/p>\n","protected":false},"featured_media":1252,"template":"","meta":{"neve_meta_sidebar":"","neve_meta_container":"","neve_meta_enable_content_width":"","neve_meta_content_width":0,"neve_meta_title_alignment":"","neve_meta_author_avatar":"","neve_post_elements_order":"","neve_meta_disable_header":"","neve_meta_disable_footer":"","neve_meta_disable_title":"","_ti_tpc_template_sync":false,"_ti_tpc_template_id":"","_joinchat":[]},"product_cat":[1307],"product_tag":[],"_links":{"self":[{"href":"https:\/\/desguacedemotos.info\/index.php\/wp-json\/wp\/v2\/product\/13108"}],"collection":[{"href":"https:\/\/desguacedemotos.info\/index.php\/wp-json\/wp\/v2\/product"}],"about":[{"href":"https:\/\/desguacedemotos.info\/index.php\/wp-json\/wp\/v2\/types\/product"}],"version-history":[{"count":0,"href":"https:\/\/desguacedemotos.info\/index.php\/wp-json\/wp\/v2\/product\/13108\/revisions"}],"wp:featuredmedia":[{"embeddable":true,"href":"https:\/\/desguacedemotos.info\/index.php\/wp-json\/wp\/v2\/media\/1252"}],"wp:attachment":[{"href":"https:\/\/desguacedemotos.info\/index.php\/wp-json\/wp\/v2\/media?parent=13108"}],"wp:term":[{"taxonomy":"product_cat","embeddable":true,"href":"https:\/\/desguacedemotos.info\/index.php\/wp-json\/wp\/v2\/product_cat?post=13108"},{"taxonomy":"product_tag","embeddable":true,"href":"https:\/\/desguacedemotos.info\/index.php\/wp-json\/wp\/v2\/product_tag?post=13108"}],"curies":[{"name":"wp","href":"https:\/\/api.w.org\/{rel}","templated":true}]}}