{"id":13164,"date":"2021-04-07T22:01:12","date_gmt":"2021-04-07T22:01:12","guid":{"rendered":"http:\/\/desguacedemotos.info\/index.php\/producto\/despiece-hyosung-comet-125-250-2\/"},"modified":"2021-04-07T22:01:12","modified_gmt":"2021-04-07T22:01:12","slug":"despiece-hyosung-comet-125-250-2","status":"publish","type":"product","link":"https:\/\/desguacedemotos.info\/index.php\/producto\/despiece-hyosung-comet-125-250-2\/","title":{"rendered":"DESPIECE HYOSUNG COMET 125 \/ 250"},"content":{"rendered":"<p>Despiece de hyosung comet 125 a\u00f1o 2005 horquillas en perfecto estado 100 \u20ac marcadores 60 \u20ac bombines con llave 50 \u20ac guardabarros delantero 30 \u20ac juego de ruedas completas 150 \u20ac silencioso tubo de escape 80 \u20ac freno delantero completo 50 \u20ac manillar 30 \u20ac mandos de luces 20 \u20ac unidad freno trasero completo 50 \u20ac estribera derecha delantera 30 \u20ac. Recambio usado, entrega en mano o env\u00edo a toda Espa\u00f1a. Llamenos de lunes a viernes de 10 a 20 y s\u00e1bados de 10 a 14.<\/p>\n","protected":false},"excerpt":{"rendered":"<p>Despiece de hyosung comet 125 a\u00f1o 2005 horquillas en perfecto estado 100 \u20ac marcadores 60 \u20ac bombines con llave 50 \u20ac guardabarros delantero 30 \u20ac juego de ruedas completas 150 \u20ac silencioso tubo de escape 80 \u20ac freno delantero completo 50 \u20ac manillar 30 \u20ac mandos de luces 20 \u20ac unidad freno trasero completo 50&hellip;&nbsp;<a href=\"https:\/\/desguacedemotos.info\/index.php\/producto\/despiece-hyosung-comet-125-250-2\/\" class=\"\" rel=\"bookmark\">Leer m\u00e1s &raquo;<span class=\"screen-reader-text\">DESPIECE HYOSUNG COMET 125 \/ 250<\/span><\/a><\/p>\n","protected":false},"featured_media":5169,"template":"","meta":{"neve_meta_sidebar":"","neve_meta_container":"","neve_meta_enable_content_width":"","neve_meta_content_width":0,"neve_meta_title_alignment":"","neve_meta_author_avatar":"","neve_post_elements_order":"","neve_meta_disable_header":"","neve_meta_disable_footer":"","neve_meta_disable_title":"","_ti_tpc_template_sync":false,"_ti_tpc_template_id":"","_joinchat":[]},"product_cat":[1309],"product_tag":[],"_links":{"self":[{"href":"https:\/\/desguacedemotos.info\/index.php\/wp-json\/wp\/v2\/product\/13164"}],"collection":[{"href":"https:\/\/desguacedemotos.info\/index.php\/wp-json\/wp\/v2\/product"}],"about":[{"href":"https:\/\/desguacedemotos.info\/index.php\/wp-json\/wp\/v2\/types\/product"}],"version-history":[{"count":0,"href":"https:\/\/desguacedemotos.info\/index.php\/wp-json\/wp\/v2\/product\/13164\/revisions"}],"wp:featuredmedia":[{"embeddable":true,"href":"https:\/\/desguacedemotos.info\/index.php\/wp-json\/wp\/v2\/media\/5169"}],"wp:attachment":[{"href":"https:\/\/desguacedemotos.info\/index.php\/wp-json\/wp\/v2\/media?parent=13164"}],"wp:term":[{"taxonomy":"product_cat","embeddable":true,"href":"https:\/\/desguacedemotos.info\/index.php\/wp-json\/wp\/v2\/product_cat?post=13164"},{"taxonomy":"product_tag","embeddable":true,"href":"https:\/\/desguacedemotos.info\/index.php\/wp-json\/wp\/v2\/product_tag?post=13164"}],"curies":[{"name":"wp","href":"https:\/\/api.w.org\/{rel}","templated":true}]}}