{"id":13216,"date":"2021-04-07T22:03:14","date_gmt":"2021-04-07T22:03:14","guid":{"rendered":"http:\/\/desguacedemotos.info\/index.php\/producto\/escapes-originales-kawasaki-zzr-600-1991\/"},"modified":"2021-04-07T22:03:14","modified_gmt":"2021-04-07T22:03:14","slug":"escapes-originales-kawasaki-zzr-600-1991","status":"publish","type":"product","link":"https:\/\/desguacedemotos.info\/index.php\/producto\/escapes-originales-kawasaki-zzr-600-1991\/","title":{"rendered":"escapes originales kawasaki zzr 600 1991"},"content":{"rendered":"<p>No est\u00e1n en perfecto estado tal y como se puede apreciar en las fotos pero son los originales y con un poco de mano pueden pasar ITV y servir perfectamente por dentro est\u00e1n bien entregas en mano o env\u00edos a toda Espa\u00f1a moto recambios Vid\u00e1n 61521 3587 desguacedemotos.info<\/p>\n","protected":false},"excerpt":{"rendered":"<p>No est\u00e1n en perfecto estado tal y como se puede apreciar en las fotos pero son los originales y con un poco de mano pueden pasar ITV y servir perfectamente por dentro est\u00e1n bien entregas en mano o env\u00edos a toda Espa\u00f1a moto recambios Vid\u00e1n 61521 3587 desguacedemotos.info<\/p>\n","protected":false},"featured_media":1290,"template":"","meta":{"neve_meta_sidebar":"","neve_meta_container":"","neve_meta_enable_content_width":"","neve_meta_content_width":0,"neve_meta_title_alignment":"","neve_meta_author_avatar":"","neve_post_elements_order":"","neve_meta_disable_header":"","neve_meta_disable_footer":"","neve_meta_disable_title":"","_ti_tpc_template_sync":false,"_ti_tpc_template_id":"","_joinchat":[]},"product_cat":[1317],"product_tag":[],"_links":{"self":[{"href":"https:\/\/desguacedemotos.info\/index.php\/wp-json\/wp\/v2\/product\/13216"}],"collection":[{"href":"https:\/\/desguacedemotos.info\/index.php\/wp-json\/wp\/v2\/product"}],"about":[{"href":"https:\/\/desguacedemotos.info\/index.php\/wp-json\/wp\/v2\/types\/product"}],"version-history":[{"count":0,"href":"https:\/\/desguacedemotos.info\/index.php\/wp-json\/wp\/v2\/product\/13216\/revisions"}],"wp:featuredmedia":[{"embeddable":true,"href":"https:\/\/desguacedemotos.info\/index.php\/wp-json\/wp\/v2\/media\/1290"}],"wp:attachment":[{"href":"https:\/\/desguacedemotos.info\/index.php\/wp-json\/wp\/v2\/media?parent=13216"}],"wp:term":[{"taxonomy":"product_cat","embeddable":true,"href":"https:\/\/desguacedemotos.info\/index.php\/wp-json\/wp\/v2\/product_cat?post=13216"},{"taxonomy":"product_tag","embeddable":true,"href":"https:\/\/desguacedemotos.info\/index.php\/wp-json\/wp\/v2\/product_tag?post=13216"}],"curies":[{"name":"wp","href":"https:\/\/api.w.org\/{rel}","templated":true}]}}