{"id":13242,"date":"2021-04-07T22:03:19","date_gmt":"2021-04-07T22:03:19","guid":{"rendered":"http:\/\/desguacedemotos.info\/index.php\/producto\/llanta-zx6r\/"},"modified":"2021-04-07T22:03:19","modified_gmt":"2021-04-07T22:03:19","slug":"llanta-zx6r","status":"publish","type":"product","link":"https:\/\/desguacedemotos.info\/index.php\/producto\/llanta-zx6r\/","title":{"rendered":"llanta zx6r"},"content":{"rendered":"<p>Rueda delantera kawa zx6r 2002 llanta con neum\u00e1tico 150 discos 100 la pareja todo junto 200 entrega en mano o envi\u00f3 a. toda Espa\u00f1a<\/p>\n","protected":false},"excerpt":{"rendered":"<p>Rueda delantera kawa zx6r 2002 llanta con neum\u00e1tico 150 discos 100 la pareja todo junto 200 entrega en mano o envi\u00f3 a. toda Espa\u00f1a<\/p>\n","protected":false},"featured_media":1586,"template":"","meta":{"neve_meta_sidebar":"","neve_meta_container":"","neve_meta_enable_content_width":"","neve_meta_content_width":0,"neve_meta_title_alignment":"","neve_meta_author_avatar":"","neve_post_elements_order":"","neve_meta_disable_header":"","neve_meta_disable_footer":"","neve_meta_disable_title":"","_ti_tpc_template_sync":false,"_ti_tpc_template_id":"","_joinchat":[]},"product_cat":[1316],"product_tag":[],"_links":{"self":[{"href":"https:\/\/desguacedemotos.info\/index.php\/wp-json\/wp\/v2\/product\/13242"}],"collection":[{"href":"https:\/\/desguacedemotos.info\/index.php\/wp-json\/wp\/v2\/product"}],"about":[{"href":"https:\/\/desguacedemotos.info\/index.php\/wp-json\/wp\/v2\/types\/product"}],"version-history":[{"count":0,"href":"https:\/\/desguacedemotos.info\/index.php\/wp-json\/wp\/v2\/product\/13242\/revisions"}],"wp:featuredmedia":[{"embeddable":true,"href":"https:\/\/desguacedemotos.info\/index.php\/wp-json\/wp\/v2\/media\/1586"}],"wp:attachment":[{"href":"https:\/\/desguacedemotos.info\/index.php\/wp-json\/wp\/v2\/media?parent=13242"}],"wp:term":[{"taxonomy":"product_cat","embeddable":true,"href":"https:\/\/desguacedemotos.info\/index.php\/wp-json\/wp\/v2\/product_cat?post=13242"},{"taxonomy":"product_tag","embeddable":true,"href":"https:\/\/desguacedemotos.info\/index.php\/wp-json\/wp\/v2\/product_tag?post=13242"}],"curies":[{"name":"wp","href":"https:\/\/api.w.org\/{rel}","templated":true}]}}