{"id":13248,"date":"2021-04-07T22:03:21","date_gmt":"2021-04-07T22:03:21","guid":{"rendered":"http:\/\/desguacedemotos.info\/index.php\/producto\/centralita-fusibles-zx6r-2002\/"},"modified":"2022-03-26T06:15:07","modified_gmt":"2022-03-26T06:15:07","slug":"centralita-fusibles-zx6r-2002","status":"publish","type":"product","link":"https:\/\/desguacedemotos.info\/index.php\/producto\/centralita-fusibles-zx6r-2002\/","title":{"rendered":"centralita fusibles zx6r 2002"},"content":{"rendered":"<p>Perfecto funcionamiento entrega en mano o env\u00edo a toda Espa\u00f1a moto recambios Vid\u00e1n 61521 3587<\/p>\n","protected":false},"excerpt":{"rendered":"<p>Perfecto funcionamiento entrega en mano o env\u00edo a toda Espa\u00f1a moto recambios Vid\u00e1n 61521 3587<\/p>\n","protected":false},"featured_media":1601,"template":"","meta":{"neve_meta_sidebar":"","neve_meta_container":"","neve_meta_enable_content_width":"","neve_meta_content_width":0,"neve_meta_title_alignment":"","neve_meta_author_avatar":"","neve_post_elements_order":"","neve_meta_disable_header":"","neve_meta_disable_footer":"","neve_meta_disable_title":"","_ti_tpc_template_sync":false,"_ti_tpc_template_id":"","_joinchat":[]},"product_cat":[1316],"product_tag":[],"_links":{"self":[{"href":"https:\/\/desguacedemotos.info\/index.php\/wp-json\/wp\/v2\/product\/13248"}],"collection":[{"href":"https:\/\/desguacedemotos.info\/index.php\/wp-json\/wp\/v2\/product"}],"about":[{"href":"https:\/\/desguacedemotos.info\/index.php\/wp-json\/wp\/v2\/types\/product"}],"version-history":[{"count":0,"href":"https:\/\/desguacedemotos.info\/index.php\/wp-json\/wp\/v2\/product\/13248\/revisions"}],"wp:featuredmedia":[{"embeddable":true,"href":"https:\/\/desguacedemotos.info\/index.php\/wp-json\/wp\/v2\/media\/1601"}],"wp:attachment":[{"href":"https:\/\/desguacedemotos.info\/index.php\/wp-json\/wp\/v2\/media?parent=13248"}],"wp:term":[{"taxonomy":"product_cat","embeddable":true,"href":"https:\/\/desguacedemotos.info\/index.php\/wp-json\/wp\/v2\/product_cat?post=13248"},{"taxonomy":"product_tag","embeddable":true,"href":"https:\/\/desguacedemotos.info\/index.php\/wp-json\/wp\/v2\/product_tag?post=13248"}],"curies":[{"name":"wp","href":"https:\/\/api.w.org\/{rel}","templated":true}]}}