{"id":13276,"date":"2021-04-07T22:03:27","date_gmt":"2021-04-07T22:03:27","guid":{"rendered":"http:\/\/desguacedemotos.info\/index.php\/producto\/tija-bombin-semimanillares-zx12r\/"},"modified":"2021-04-07T22:03:27","modified_gmt":"2021-04-07T22:03:27","slug":"tija-bombin-semimanillares-zx12r","status":"publish","type":"product","link":"https:\/\/desguacedemotos.info\/index.php\/producto\/tija-bombin-semimanillares-zx12r\/","title":{"rendered":"tija bombin semimanillares zx12r"},"content":{"rendered":"<p>Kawasaki. perfecto estado a\u00f1os entre 2000 y 2006 entrega en mano o env\u00edo a toda Espa\u00f1a. incluye bomb\u00edn de arranque con llave fija superior semimanillares y mando derecho de arranque tal cual se ve en foto<\/p>\n","protected":false},"excerpt":{"rendered":"<p>Kawasaki. perfecto estado a\u00f1os entre 2000 y 2006 entrega en mano o env\u00edo a toda Espa\u00f1a. incluye bomb\u00edn de arranque con llave fija superior semimanillares y mando derecho de arranque tal cual se ve en foto<\/p>\n","protected":false},"featured_media":1669,"template":"","meta":{"neve_meta_sidebar":"","neve_meta_container":"","neve_meta_enable_content_width":"","neve_meta_content_width":0,"neve_meta_title_alignment":"","neve_meta_author_avatar":"","neve_post_elements_order":"","neve_meta_disable_header":"","neve_meta_disable_footer":"","neve_meta_disable_title":"","_ti_tpc_template_sync":false,"_ti_tpc_template_id":"","_joinchat":[]},"product_cat":[1327],"product_tag":[],"_links":{"self":[{"href":"https:\/\/desguacedemotos.info\/index.php\/wp-json\/wp\/v2\/product\/13276"}],"collection":[{"href":"https:\/\/desguacedemotos.info\/index.php\/wp-json\/wp\/v2\/product"}],"about":[{"href":"https:\/\/desguacedemotos.info\/index.php\/wp-json\/wp\/v2\/types\/product"}],"version-history":[{"count":0,"href":"https:\/\/desguacedemotos.info\/index.php\/wp-json\/wp\/v2\/product\/13276\/revisions"}],"wp:featuredmedia":[{"embeddable":true,"href":"https:\/\/desguacedemotos.info\/index.php\/wp-json\/wp\/v2\/media\/1669"}],"wp:attachment":[{"href":"https:\/\/desguacedemotos.info\/index.php\/wp-json\/wp\/v2\/media?parent=13276"}],"wp:term":[{"taxonomy":"product_cat","embeddable":true,"href":"https:\/\/desguacedemotos.info\/index.php\/wp-json\/wp\/v2\/product_cat?post=13276"},{"taxonomy":"product_tag","embeddable":true,"href":"https:\/\/desguacedemotos.info\/index.php\/wp-json\/wp\/v2\/product_tag?post=13276"}],"curies":[{"name":"wp","href":"https:\/\/api.w.org\/{rel}","templated":true}]}}