{"id":13279,"date":"2021-04-07T22:03:28","date_gmt":"2021-04-07T22:03:28","guid":{"rendered":"http:\/\/desguacedemotos.info\/index.php\/producto\/amortiguacion-trasera-kawasaki-zxr-750\/"},"modified":"2021-04-07T22:03:28","modified_gmt":"2021-04-07T22:03:28","slug":"amortiguacion-trasera-kawasaki-zxr-750","status":"publish","type":"product","link":"https:\/\/desguacedemotos.info\/index.php\/producto\/amortiguacion-trasera-kawasaki-zxr-750\/","title":{"rendered":"amortiguaci\u00f3n trasera Kawasaki ZXR 750"},"content":{"rendered":"<p>Amortiguador trasero con violetas en buenas condiciones a\u00f1o 1990 entrega en mano o env\u00edo a toda Espa\u00f1a<\/p>\n","protected":false},"excerpt":{"rendered":"<p>Amortiguador trasero con violetas en buenas condiciones a\u00f1o 1990 entrega en mano o env\u00edo a toda Espa\u00f1a<\/p>\n","protected":false},"featured_media":1682,"template":"","meta":{"neve_meta_sidebar":"","neve_meta_container":"","neve_meta_enable_content_width":"","neve_meta_content_width":0,"neve_meta_title_alignment":"","neve_meta_author_avatar":"","neve_post_elements_order":"","neve_meta_disable_header":"","neve_meta_disable_footer":"","neve_meta_disable_title":"","_ti_tpc_template_sync":false,"_ti_tpc_template_id":"","_joinchat":[]},"product_cat":[1328],"product_tag":[],"_links":{"self":[{"href":"https:\/\/desguacedemotos.info\/index.php\/wp-json\/wp\/v2\/product\/13279"}],"collection":[{"href":"https:\/\/desguacedemotos.info\/index.php\/wp-json\/wp\/v2\/product"}],"about":[{"href":"https:\/\/desguacedemotos.info\/index.php\/wp-json\/wp\/v2\/types\/product"}],"version-history":[{"count":0,"href":"https:\/\/desguacedemotos.info\/index.php\/wp-json\/wp\/v2\/product\/13279\/revisions"}],"wp:featuredmedia":[{"embeddable":true,"href":"https:\/\/desguacedemotos.info\/index.php\/wp-json\/wp\/v2\/media\/1682"}],"wp:attachment":[{"href":"https:\/\/desguacedemotos.info\/index.php\/wp-json\/wp\/v2\/media?parent=13279"}],"wp:term":[{"taxonomy":"product_cat","embeddable":true,"href":"https:\/\/desguacedemotos.info\/index.php\/wp-json\/wp\/v2\/product_cat?post=13279"},{"taxonomy":"product_tag","embeddable":true,"href":"https:\/\/desguacedemotos.info\/index.php\/wp-json\/wp\/v2\/product_tag?post=13279"}],"curies":[{"name":"wp","href":"https:\/\/api.w.org\/{rel}","templated":true}]}}