{"id":13290,"date":"2021-04-07T22:03:30","date_gmt":"2021-04-07T22:03:30","guid":{"rendered":"http:\/\/desguacedemotos.info\/index.php\/producto\/deposito-kawasaki-zxr-750-1989\/"},"modified":"2021-04-07T22:03:30","modified_gmt":"2021-04-07T22:03:30","slug":"deposito-kawasaki-zxr-750-1989","status":"publish","type":"product","link":"https:\/\/desguacedemotos.info\/index.php\/producto\/deposito-kawasaki-zxr-750-1989\/","title":{"rendered":"dep\u00f3sito Kawasaki ZXR 750 1989"},"content":{"rendered":"<p>El dep\u00f3sito est\u00e1 en un estado mejorable pero se puede pintar y dejarle bien no tiene mucho \u00f3xido se puede entregar en mano o enviar a cualquier punto de Espa\u00f1a<\/p>\n","protected":false},"excerpt":{"rendered":"<p>El dep\u00f3sito est\u00e1 en un estado mejorable pero se puede pintar y dejarle bien no tiene mucho \u00f3xido se puede entregar en mano o enviar a cualquier punto de Espa\u00f1a<\/p>\n","protected":false},"featured_media":1711,"template":"","meta":{"neve_meta_sidebar":"","neve_meta_container":"","neve_meta_enable_content_width":"","neve_meta_content_width":0,"neve_meta_title_alignment":"","neve_meta_author_avatar":"","neve_post_elements_order":"","neve_meta_disable_header":"","neve_meta_disable_footer":"","neve_meta_disable_title":"","_ti_tpc_template_sync":false,"_ti_tpc_template_id":"","_joinchat":[]},"product_cat":[1328],"product_tag":[],"_links":{"self":[{"href":"https:\/\/desguacedemotos.info\/index.php\/wp-json\/wp\/v2\/product\/13290"}],"collection":[{"href":"https:\/\/desguacedemotos.info\/index.php\/wp-json\/wp\/v2\/product"}],"about":[{"href":"https:\/\/desguacedemotos.info\/index.php\/wp-json\/wp\/v2\/types\/product"}],"version-history":[{"count":0,"href":"https:\/\/desguacedemotos.info\/index.php\/wp-json\/wp\/v2\/product\/13290\/revisions"}],"wp:featuredmedia":[{"embeddable":true,"href":"https:\/\/desguacedemotos.info\/index.php\/wp-json\/wp\/v2\/media\/1711"}],"wp:attachment":[{"href":"https:\/\/desguacedemotos.info\/index.php\/wp-json\/wp\/v2\/media?parent=13290"}],"wp:term":[{"taxonomy":"product_cat","embeddable":true,"href":"https:\/\/desguacedemotos.info\/index.php\/wp-json\/wp\/v2\/product_cat?post=13290"},{"taxonomy":"product_tag","embeddable":true,"href":"https:\/\/desguacedemotos.info\/index.php\/wp-json\/wp\/v2\/product_tag?post=13290"}],"curies":[{"name":"wp","href":"https:\/\/api.w.org\/{rel}","templated":true}]}}