{"id":13299,"date":"2021-04-07T22:03:31","date_gmt":"2021-04-07T22:03:31","guid":{"rendered":"http:\/\/desguacedemotos.info\/index.php\/producto\/tapa-pinon-kawasaki-vulcan-en500\/"},"modified":"2021-04-07T22:03:31","modified_gmt":"2021-04-07T22:03:31","slug":"tapa-pinon-kawasaki-vulcan-en500","status":"publish","type":"product","link":"https:\/\/desguacedemotos.info\/index.php\/producto\/tapa-pinon-kawasaki-vulcan-en500\/","title":{"rendered":"tapa pi\u00f1on kawasaki vulcan en500"},"content":{"rendered":"<p>Perfecto estado entrega en mano o env\u00edo a toda Espa\u00f1a<\/p>\n","protected":false},"excerpt":{"rendered":"<p>Perfecto estado entrega en mano o env\u00edo a toda Espa\u00f1a<\/p>\n","protected":false},"featured_media":1785,"template":"","meta":{"neve_meta_sidebar":"","neve_meta_container":"","neve_meta_enable_content_width":"","neve_meta_content_width":0,"neve_meta_title_alignment":"","neve_meta_author_avatar":"","neve_post_elements_order":"","neve_meta_disable_header":"","neve_meta_disable_footer":"","neve_meta_disable_title":"","_ti_tpc_template_sync":false,"_ti_tpc_template_id":"","_joinchat":[]},"product_cat":[1318],"product_tag":[],"_links":{"self":[{"href":"https:\/\/desguacedemotos.info\/index.php\/wp-json\/wp\/v2\/product\/13299"}],"collection":[{"href":"https:\/\/desguacedemotos.info\/index.php\/wp-json\/wp\/v2\/product"}],"about":[{"href":"https:\/\/desguacedemotos.info\/index.php\/wp-json\/wp\/v2\/types\/product"}],"version-history":[{"count":0,"href":"https:\/\/desguacedemotos.info\/index.php\/wp-json\/wp\/v2\/product\/13299\/revisions"}],"wp:featuredmedia":[{"embeddable":true,"href":"https:\/\/desguacedemotos.info\/index.php\/wp-json\/wp\/v2\/media\/1785"}],"wp:attachment":[{"href":"https:\/\/desguacedemotos.info\/index.php\/wp-json\/wp\/v2\/media?parent=13299"}],"wp:term":[{"taxonomy":"product_cat","embeddable":true,"href":"https:\/\/desguacedemotos.info\/index.php\/wp-json\/wp\/v2\/product_cat?post=13299"},{"taxonomy":"product_tag","embeddable":true,"href":"https:\/\/desguacedemotos.info\/index.php\/wp-json\/wp\/v2\/product_tag?post=13299"}],"curies":[{"name":"wp","href":"https:\/\/api.w.org\/{rel}","templated":true}]}}