{"id":13301,"date":"2021-04-07T22:03:32","date_gmt":"2021-04-07T22:03:32","guid":{"rendered":"http:\/\/desguacedemotos.info\/index.php\/producto\/deposito-kawasaki-zx12r-2006\/"},"modified":"2021-04-07T22:03:32","modified_gmt":"2021-04-07T22:03:32","slug":"deposito-kawasaki-zx12r-2006","status":"publish","type":"product","link":"https:\/\/desguacedemotos.info\/index.php\/producto\/deposito-kawasaki-zx12r-2006\/","title":{"rendered":"dep\u00f3sito Kawasaki ZX12R 2006"},"content":{"rendered":"<p>Perfectas condiciones entrega en mano o env\u00edo a toda Espa\u00f1a a moto recambios Vid\u00e1n 61521 3587<\/p>\n","protected":false},"excerpt":{"rendered":"<p>Perfectas condiciones entrega en mano o env\u00edo a toda Espa\u00f1a a moto recambios Vid\u00e1n 61521 3587<\/p>\n","protected":false},"featured_media":1789,"template":"","meta":{"neve_meta_sidebar":"","neve_meta_container":"","neve_meta_enable_content_width":"","neve_meta_content_width":0,"neve_meta_title_alignment":"","neve_meta_author_avatar":"","neve_post_elements_order":"","neve_meta_disable_header":"","neve_meta_disable_footer":"","neve_meta_disable_title":"","_ti_tpc_template_sync":false,"_ti_tpc_template_id":"","_joinchat":[]},"product_cat":[1327],"product_tag":[],"_links":{"self":[{"href":"https:\/\/desguacedemotos.info\/index.php\/wp-json\/wp\/v2\/product\/13301"}],"collection":[{"href":"https:\/\/desguacedemotos.info\/index.php\/wp-json\/wp\/v2\/product"}],"about":[{"href":"https:\/\/desguacedemotos.info\/index.php\/wp-json\/wp\/v2\/types\/product"}],"version-history":[{"count":0,"href":"https:\/\/desguacedemotos.info\/index.php\/wp-json\/wp\/v2\/product\/13301\/revisions"}],"wp:featuredmedia":[{"embeddable":true,"href":"https:\/\/desguacedemotos.info\/index.php\/wp-json\/wp\/v2\/media\/1789"}],"wp:attachment":[{"href":"https:\/\/desguacedemotos.info\/index.php\/wp-json\/wp\/v2\/media?parent=13301"}],"wp:term":[{"taxonomy":"product_cat","embeddable":true,"href":"https:\/\/desguacedemotos.info\/index.php\/wp-json\/wp\/v2\/product_cat?post=13301"},{"taxonomy":"product_tag","embeddable":true,"href":"https:\/\/desguacedemotos.info\/index.php\/wp-json\/wp\/v2\/product_tag?post=13301"}],"curies":[{"name":"wp","href":"https:\/\/api.w.org\/{rel}","templated":true}]}}