{"id":13306,"date":"2021-04-07T22:03:34","date_gmt":"2021-04-07T22:03:34","guid":{"rendered":"http:\/\/desguacedemotos.info\/index.php\/producto\/plasticos-kawasaki-ninja-250-r\/"},"modified":"2021-04-07T22:03:34","modified_gmt":"2021-04-07T22:03:34","slug":"plasticos-kawasaki-ninja-250-r","status":"publish","type":"product","link":"https:\/\/desguacedemotos.info\/index.php\/producto\/plasticos-kawasaki-ninja-250-r\/","title":{"rendered":"pl\u00e1sticos Kawasaki Ninja 250 R"},"content":{"rendered":"<p>Pl\u00e1sticos bajo dep\u00f3sito en buenas condiciones entrega en mano o env\u00edo a toda Espa\u00f1a precio por unidad<\/p>\n","protected":false},"excerpt":{"rendered":"<p>Pl\u00e1sticos bajo dep\u00f3sito en buenas condiciones entrega en mano o env\u00edo a toda Espa\u00f1a precio por unidad<\/p>\n","protected":false},"featured_media":1799,"template":"","meta":{"neve_meta_sidebar":"","neve_meta_container":"","neve_meta_enable_content_width":"","neve_meta_content_width":0,"neve_meta_title_alignment":"","neve_meta_author_avatar":"","neve_post_elements_order":"","neve_meta_disable_header":"","neve_meta_disable_footer":"","neve_meta_disable_title":"","_ti_tpc_template_sync":false,"_ti_tpc_template_id":"","_joinchat":[]},"product_cat":[1325],"product_tag":[],"_links":{"self":[{"href":"https:\/\/desguacedemotos.info\/index.php\/wp-json\/wp\/v2\/product\/13306"}],"collection":[{"href":"https:\/\/desguacedemotos.info\/index.php\/wp-json\/wp\/v2\/product"}],"about":[{"href":"https:\/\/desguacedemotos.info\/index.php\/wp-json\/wp\/v2\/types\/product"}],"version-history":[{"count":0,"href":"https:\/\/desguacedemotos.info\/index.php\/wp-json\/wp\/v2\/product\/13306\/revisions"}],"wp:featuredmedia":[{"embeddable":true,"href":"https:\/\/desguacedemotos.info\/index.php\/wp-json\/wp\/v2\/media\/1799"}],"wp:attachment":[{"href":"https:\/\/desguacedemotos.info\/index.php\/wp-json\/wp\/v2\/media?parent=13306"}],"wp:term":[{"taxonomy":"product_cat","embeddable":true,"href":"https:\/\/desguacedemotos.info\/index.php\/wp-json\/wp\/v2\/product_cat?post=13306"},{"taxonomy":"product_tag","embeddable":true,"href":"https:\/\/desguacedemotos.info\/index.php\/wp-json\/wp\/v2\/product_tag?post=13306"}],"curies":[{"name":"wp","href":"https:\/\/api.w.org\/{rel}","templated":true}]}}