{"id":13337,"date":"2021-04-07T22:03:40","date_gmt":"2021-04-07T22:03:40","guid":{"rendered":"http:\/\/desguacedemotos.info\/index.php\/producto\/despiece-kawasaki-ninja-250-r\/"},"modified":"2021-04-07T22:03:40","modified_gmt":"2021-04-07T22:03:40","slug":"despiece-kawasaki-ninja-250-r","status":"publish","type":"product","link":"https:\/\/desguacedemotos.info\/index.php\/producto\/despiece-kawasaki-ninja-250-r\/","title":{"rendered":"DESPIECE KAWASAKI NINJA 250 R"},"content":{"rendered":"<p>Todo en perfectas condiciones, sill\u00f3n delantero 50 \u20ac trasero 40 semimanillares 40 \u20ac unidad pilototrasero 30 \u20ac mandos de luces 30 \u20ac unidad freno completo delantero 70 \u20ac faro delantero 80 \u20ac centralita CDI 150 \u20ac c\u00fapula frontal 40 \u20ac retrovisores de serie 30 \u20ac la pareja. Recambio usado, entrega en mano o env\u00edo a toda Espa\u00f1a. Llamenos de lunes a viernes de 10 a 20 y s\u00e1bados de 10 a 14.<\/p>\n","protected":false},"excerpt":{"rendered":"<p>Todo en perfectas condiciones, sill\u00f3n delantero 50 \u20ac trasero 40 semimanillares 40 \u20ac unidad pilototrasero 30 \u20ac mandos de luces 30 \u20ac unidad freno completo delantero 70 \u20ac faro delantero 80 \u20ac centralita CDI 150 \u20ac c\u00fapula frontal 40 \u20ac retrovisores de serie 30 \u20ac la pareja. Recambio usado, entrega en mano o env\u00edo a&hellip;&nbsp;<a href=\"https:\/\/desguacedemotos.info\/index.php\/producto\/despiece-kawasaki-ninja-250-r\/\" class=\"\" rel=\"bookmark\">Leer m\u00e1s &raquo;<span class=\"screen-reader-text\">DESPIECE KAWASAKI NINJA 250 R<\/span><\/a><\/p>\n","protected":false},"featured_media":2379,"template":"","meta":{"neve_meta_sidebar":"","neve_meta_container":"","neve_meta_enable_content_width":"","neve_meta_content_width":0,"neve_meta_title_alignment":"","neve_meta_author_avatar":"","neve_post_elements_order":"","neve_meta_disable_header":"","neve_meta_disable_footer":"","neve_meta_disable_title":"","_ti_tpc_template_sync":false,"_ti_tpc_template_id":"","_joinchat":[]},"product_cat":[1325],"product_tag":[],"_links":{"self":[{"href":"https:\/\/desguacedemotos.info\/index.php\/wp-json\/wp\/v2\/product\/13337"}],"collection":[{"href":"https:\/\/desguacedemotos.info\/index.php\/wp-json\/wp\/v2\/product"}],"about":[{"href":"https:\/\/desguacedemotos.info\/index.php\/wp-json\/wp\/v2\/types\/product"}],"version-history":[{"count":0,"href":"https:\/\/desguacedemotos.info\/index.php\/wp-json\/wp\/v2\/product\/13337\/revisions"}],"wp:featuredmedia":[{"embeddable":true,"href":"https:\/\/desguacedemotos.info\/index.php\/wp-json\/wp\/v2\/media\/2379"}],"wp:attachment":[{"href":"https:\/\/desguacedemotos.info\/index.php\/wp-json\/wp\/v2\/media?parent=13337"}],"wp:term":[{"taxonomy":"product_cat","embeddable":true,"href":"https:\/\/desguacedemotos.info\/index.php\/wp-json\/wp\/v2\/product_cat?post=13337"},{"taxonomy":"product_tag","embeddable":true,"href":"https:\/\/desguacedemotos.info\/index.php\/wp-json\/wp\/v2\/product_tag?post=13337"}],"curies":[{"name":"wp","href":"https:\/\/api.w.org\/{rel}","templated":true}]}}