{"id":13341,"date":"2021-04-07T22:03:40","date_gmt":"2021-04-07T22:03:40","guid":{"rendered":"http:\/\/desguacedemotos.info\/index.php\/producto\/kawasaki-zx12r-ano-2005-despiece\/"},"modified":"2021-04-07T22:03:40","modified_gmt":"2021-04-07T22:03:40","slug":"kawasaki-zx12r-ano-2005-despiece","status":"publish","type":"product","link":"https:\/\/desguacedemotos.info\/index.php\/producto\/kawasaki-zx12r-ano-2005-despiece\/","title":{"rendered":"KAWASAKI ZX12R A\u00d1O 2005 DESPIECE"},"content":{"rendered":"<p>La moto esta perfecta de todo excepto una viela que est\u00e1 quemada, el motor funciona, se vende todo por despiece, bloque motor 1000 euros, embrague completo 300, marcador 200, ara\u00f1a 80 horquilla 500, ruedas delantera 300 trasera 400 completas, tubo de escape Akrapovic completo desde colectores 500, chasis con todo al d\u00eda 700 euros, kit de pl\u00e1sticos 800, faro delantero 200, retrovisores 80 la pareja , resto de piezas preguntar. Recambio usado, entrega en mano o env\u00edo a toda Espa\u00f1a. Llamenos de lunes a viernes de 10 a 20 y s\u00e1bados de 10 a 14.<\/p>\n","protected":false},"excerpt":{"rendered":"<p>La moto esta perfecta de todo excepto una viela que est\u00e1 quemada, el motor funciona, se vende todo por despiece, bloque motor 1000 euros, embrague completo 300, marcador 200, ara\u00f1a 80 horquilla 500, ruedas delantera 300 trasera 400 completas, tubo de escape Akrapovic completo desde colectores 500, chasis con todo al d\u00eda 700 euros, kit&hellip;&nbsp;<a href=\"https:\/\/desguacedemotos.info\/index.php\/producto\/kawasaki-zx12r-ano-2005-despiece\/\" class=\"\" rel=\"bookmark\">Leer m\u00e1s &raquo;<span class=\"screen-reader-text\">KAWASAKI ZX12R A\u00d1O 2005 DESPIECE<\/span><\/a><\/p>\n","protected":false},"featured_media":2447,"template":"","meta":{"neve_meta_sidebar":"","neve_meta_container":"","neve_meta_enable_content_width":"","neve_meta_content_width":0,"neve_meta_title_alignment":"","neve_meta_author_avatar":"","neve_post_elements_order":"","neve_meta_disable_header":"","neve_meta_disable_footer":"","neve_meta_disable_title":"","_ti_tpc_template_sync":false,"_ti_tpc_template_id":"","_joinchat":[]},"product_cat":[1327],"product_tag":[],"_links":{"self":[{"href":"https:\/\/desguacedemotos.info\/index.php\/wp-json\/wp\/v2\/product\/13341"}],"collection":[{"href":"https:\/\/desguacedemotos.info\/index.php\/wp-json\/wp\/v2\/product"}],"about":[{"href":"https:\/\/desguacedemotos.info\/index.php\/wp-json\/wp\/v2\/types\/product"}],"version-history":[{"count":0,"href":"https:\/\/desguacedemotos.info\/index.php\/wp-json\/wp\/v2\/product\/13341\/revisions"}],"wp:featuredmedia":[{"embeddable":true,"href":"https:\/\/desguacedemotos.info\/index.php\/wp-json\/wp\/v2\/media\/2447"}],"wp:attachment":[{"href":"https:\/\/desguacedemotos.info\/index.php\/wp-json\/wp\/v2\/media?parent=13341"}],"wp:term":[{"taxonomy":"product_cat","embeddable":true,"href":"https:\/\/desguacedemotos.info\/index.php\/wp-json\/wp\/v2\/product_cat?post=13341"},{"taxonomy":"product_tag","embeddable":true,"href":"https:\/\/desguacedemotos.info\/index.php\/wp-json\/wp\/v2\/product_tag?post=13341"}],"curies":[{"name":"wp","href":"https:\/\/api.w.org\/{rel}","templated":true}]}}