{"id":13391,"date":"2021-04-07T22:03:49","date_gmt":"2021-04-07T22:03:49","guid":{"rendered":"http:\/\/desguacedemotos.info\/index.php\/producto\/despiece-kawasaki-z-750-s\/"},"modified":"2021-04-07T22:03:49","modified_gmt":"2021-04-07T22:03:49","slug":"despiece-kawasaki-z-750-s","status":"publish","type":"product","link":"https:\/\/desguacedemotos.info\/index.php\/producto\/despiece-kawasaki-z-750-s\/","title":{"rendered":"DESPIECE KAWASAKI Z 750 S"},"content":{"rendered":"<p>Dispongo de las piezas que se ven en las fotos. Tapa de pi\u00f1\u00f3n 30 \u20ac freno delantero completo 50 \u20ac pl\u00e1sticos laterales 30 \u20ac la pareja agarres pasajero 30 \u20ac la pareja amortiguador 70 \u20ac estator 100 \u20ac regulador de corriente 40 \u20ac topes antica\u00edda 15 \u20ac la pareja. Recambio usado, entrega en mano o env\u00edo a toda Espa\u00f1a. Llamenos de lunes a viernes de 10 a 20 y s\u00e1bados de 10 a 14.<\/p>\n","protected":false},"excerpt":{"rendered":"<p>Dispongo de las piezas que se ven en las fotos. Tapa de pi\u00f1\u00f3n 30 \u20ac freno delantero completo 50 \u20ac pl\u00e1sticos laterales 30 \u20ac la pareja agarres pasajero 30 \u20ac la pareja amortiguador 70 \u20ac estator 100 \u20ac regulador de corriente 40 \u20ac topes antica\u00edda 15 \u20ac la pareja. Recambio usado, entrega en mano o&hellip;&nbsp;<a href=\"https:\/\/desguacedemotos.info\/index.php\/producto\/despiece-kawasaki-z-750-s\/\" class=\"\" rel=\"bookmark\">Leer m\u00e1s &raquo;<span class=\"screen-reader-text\">DESPIECE KAWASAKI Z 750 S<\/span><\/a><\/p>\n","protected":false},"featured_media":3991,"template":"","meta":{"neve_meta_sidebar":"","neve_meta_container":"","neve_meta_enable_content_width":"","neve_meta_content_width":0,"neve_meta_title_alignment":"","neve_meta_author_avatar":"","neve_post_elements_order":"","neve_meta_disable_header":"","neve_meta_disable_footer":"","neve_meta_disable_title":"","_ti_tpc_template_sync":false,"_ti_tpc_template_id":"","_joinchat":[]},"product_cat":[1323],"product_tag":[],"_links":{"self":[{"href":"https:\/\/desguacedemotos.info\/index.php\/wp-json\/wp\/v2\/product\/13391"}],"collection":[{"href":"https:\/\/desguacedemotos.info\/index.php\/wp-json\/wp\/v2\/product"}],"about":[{"href":"https:\/\/desguacedemotos.info\/index.php\/wp-json\/wp\/v2\/types\/product"}],"version-history":[{"count":0,"href":"https:\/\/desguacedemotos.info\/index.php\/wp-json\/wp\/v2\/product\/13391\/revisions"}],"wp:featuredmedia":[{"embeddable":true,"href":"https:\/\/desguacedemotos.info\/index.php\/wp-json\/wp\/v2\/media\/3991"}],"wp:attachment":[{"href":"https:\/\/desguacedemotos.info\/index.php\/wp-json\/wp\/v2\/media?parent=13391"}],"wp:term":[{"taxonomy":"product_cat","embeddable":true,"href":"https:\/\/desguacedemotos.info\/index.php\/wp-json\/wp\/v2\/product_cat?post=13391"},{"taxonomy":"product_tag","embeddable":true,"href":"https:\/\/desguacedemotos.info\/index.php\/wp-json\/wp\/v2\/product_tag?post=13391"}],"curies":[{"name":"wp","href":"https:\/\/api.w.org\/{rel}","templated":true}]}}