{"id":13454,"date":"2021-04-07T22:04:02","date_gmt":"2021-04-07T22:04:02","guid":{"rendered":"http:\/\/desguacedemotos.info\/index.php\/producto\/despiece-kawasaki-gpz-500-2\/"},"modified":"2021-04-07T22:04:02","modified_gmt":"2021-04-07T22:04:02","slug":"despiece-kawasaki-gpz-500-2","status":"publish","type":"product","link":"https:\/\/desguacedemotos.info\/index.php\/producto\/despiece-kawasaki-gpz-500-2\/","title":{"rendered":"DESPIECE KAWASAKI GPZ 500"},"content":{"rendered":"<p>Dispongo de todas las piezas que salen en las fotos de la kawasaki gpz 500 entrega en mano o env\u00edo a toda Espa\u00f1a pata lateral 20 \u20ac semimanillares 15 \u20ac unidad freno delantero completo 50 \u20ac regulador de corriente 30 \u20ac espejo retrovisor izquierdo 15 \u20ac bobinas 30 \u20ac marcadores 50 \u20ac soporte de maneta de embrague con cable de embrague y camisa 25 \u20ac. Recambio usado, entrega en mano o env\u00edo a toda Espa\u00f1a. Llamenos de lunes a viernes de 10 a 20 y s\u00e1bados de 10 a 14.<\/p>\n","protected":false},"excerpt":{"rendered":"<p>Dispongo de todas las piezas que salen en las fotos de la kawasaki gpz 500 entrega en mano o env\u00edo a toda Espa\u00f1a pata lateral 20 \u20ac semimanillares 15 \u20ac unidad freno delantero completo 50 \u20ac regulador de corriente 30 \u20ac espejo retrovisor izquierdo 15 \u20ac bobinas 30 \u20ac marcadores 50 \u20ac soporte de maneta&hellip;&nbsp;<a href=\"https:\/\/desguacedemotos.info\/index.php\/producto\/despiece-kawasaki-gpz-500-2\/\" class=\"\" rel=\"bookmark\">Leer m\u00e1s &raquo;<span class=\"screen-reader-text\">DESPIECE KAWASAKI GPZ 500<\/span><\/a><\/p>\n","protected":false},"featured_media":5143,"template":"","meta":{"neve_meta_sidebar":"","neve_meta_container":"","neve_meta_enable_content_width":"","neve_meta_content_width":0,"neve_meta_title_alignment":"","neve_meta_author_avatar":"","neve_post_elements_order":"","neve_meta_disable_header":"","neve_meta_disable_footer":"","neve_meta_disable_title":"","_ti_tpc_template_sync":false,"_ti_tpc_template_id":"","_joinchat":[]},"product_cat":[1324],"product_tag":[],"_links":{"self":[{"href":"https:\/\/desguacedemotos.info\/index.php\/wp-json\/wp\/v2\/product\/13454"}],"collection":[{"href":"https:\/\/desguacedemotos.info\/index.php\/wp-json\/wp\/v2\/product"}],"about":[{"href":"https:\/\/desguacedemotos.info\/index.php\/wp-json\/wp\/v2\/types\/product"}],"version-history":[{"count":0,"href":"https:\/\/desguacedemotos.info\/index.php\/wp-json\/wp\/v2\/product\/13454\/revisions"}],"wp:featuredmedia":[{"embeddable":true,"href":"https:\/\/desguacedemotos.info\/index.php\/wp-json\/wp\/v2\/media\/5143"}],"wp:attachment":[{"href":"https:\/\/desguacedemotos.info\/index.php\/wp-json\/wp\/v2\/media?parent=13454"}],"wp:term":[{"taxonomy":"product_cat","embeddable":true,"href":"https:\/\/desguacedemotos.info\/index.php\/wp-json\/wp\/v2\/product_cat?post=13454"},{"taxonomy":"product_tag","embeddable":true,"href":"https:\/\/desguacedemotos.info\/index.php\/wp-json\/wp\/v2\/product_tag?post=13454"}],"curies":[{"name":"wp","href":"https:\/\/api.w.org\/{rel}","templated":true}]}}