{"id":13499,"date":"2021-04-07T22:04:12","date_gmt":"2021-04-07T22:04:12","guid":{"rendered":"http:\/\/desguacedemotos.info\/index.php\/producto\/despiece-kawasaki-ninja-250\/"},"modified":"2021-04-07T22:04:12","modified_gmt":"2021-04-07T22:04:12","slug":"despiece-kawasaki-ninja-250","status":"publish","type":"product","link":"https:\/\/desguacedemotos.info\/index.php\/producto\/despiece-kawasaki-ninja-250\/","title":{"rendered":"DESPIECE KAWASAKI NINJA 250"},"content":{"rendered":"<p>Dispongo de toda la moto tal cual se ve en las fotos, el motor se vende por piezas ya que tiene una aver\u00eda que no sabemos cual es, el motor gira pero no arranca, pl\u00e1sticos negros(para pintar)chasis documentado. Recambio usado, entrega en mano o env\u00edo a toda Espa\u00f1a. Llamenos de lunes a viernes de 10 a 20 y s\u00e1bados de 10 a 14.<\/p>\n","protected":false},"excerpt":{"rendered":"<p>Dispongo de toda la moto tal cual se ve en las fotos, el motor se vende por piezas ya que tiene una aver\u00eda que no sabemos cual es, el motor gira pero no arranca, pl\u00e1sticos negros(para pintar)chasis documentado. Recambio usado, entrega en mano o env\u00edo a toda Espa\u00f1a. Llamenos de lunes a viernes de 10&hellip;&nbsp;<a href=\"https:\/\/desguacedemotos.info\/index.php\/producto\/despiece-kawasaki-ninja-250\/\" class=\"\" rel=\"bookmark\">Leer m\u00e1s &raquo;<span class=\"screen-reader-text\">DESPIECE KAWASAKI NINJA 250<\/span><\/a><\/p>\n","protected":false},"featured_media":6697,"template":"","meta":{"neve_meta_sidebar":"","neve_meta_container":"","neve_meta_enable_content_width":"","neve_meta_content_width":0,"neve_meta_title_alignment":"","neve_meta_author_avatar":"","neve_post_elements_order":"","neve_meta_disable_header":"","neve_meta_disable_footer":"","neve_meta_disable_title":"","_ti_tpc_template_sync":false,"_ti_tpc_template_id":"","_joinchat":[]},"product_cat":[1325],"product_tag":[],"_links":{"self":[{"href":"https:\/\/desguacedemotos.info\/index.php\/wp-json\/wp\/v2\/product\/13499"}],"collection":[{"href":"https:\/\/desguacedemotos.info\/index.php\/wp-json\/wp\/v2\/product"}],"about":[{"href":"https:\/\/desguacedemotos.info\/index.php\/wp-json\/wp\/v2\/types\/product"}],"version-history":[{"count":0,"href":"https:\/\/desguacedemotos.info\/index.php\/wp-json\/wp\/v2\/product\/13499\/revisions"}],"wp:featuredmedia":[{"embeddable":true,"href":"https:\/\/desguacedemotos.info\/index.php\/wp-json\/wp\/v2\/media\/6697"}],"wp:attachment":[{"href":"https:\/\/desguacedemotos.info\/index.php\/wp-json\/wp\/v2\/media?parent=13499"}],"wp:term":[{"taxonomy":"product_cat","embeddable":true,"href":"https:\/\/desguacedemotos.info\/index.php\/wp-json\/wp\/v2\/product_cat?post=13499"},{"taxonomy":"product_tag","embeddable":true,"href":"https:\/\/desguacedemotos.info\/index.php\/wp-json\/wp\/v2\/product_tag?post=13499"}],"curies":[{"name":"wp","href":"https:\/\/api.w.org\/{rel}","templated":true}]}}