{"id":13637,"date":"2021-04-07T22:05:54","date_gmt":"2021-04-07T22:05:54","guid":{"rendered":"http:\/\/desguacedemotos.info\/index.php\/producto\/despiece-keeway-speed\/"},"modified":"2021-04-07T22:05:54","modified_gmt":"2021-04-07T22:05:54","slug":"despiece-keeway-speed","status":"publish","type":"product","link":"https:\/\/desguacedemotos.info\/index.php\/producto\/despiece-keeway-speed\/","title":{"rendered":"DESPIECE KEEWAY SPEED"},"content":{"rendered":"<p>Dispongo de las piezas que salen en las fotos de la Keeway speed 125 entrega en mano o env\u00edo a toda Espa\u00f1a motor de arranque 40 \u20ac amortiguadores 20 \u20ac unidad regulador de corriente 20 \u20ac piloto trasero 15 \u20ac bobina de altas 15 \u20ac carburador 40 \u20ac tapa lateral derecha 30 \u20ac tap\u00f3n de gasolina con llave 20 \u20ac freno delantero completo 40 \u20ac. Recambio usado, entrega en mano o env\u00edo a toda Espa\u00f1a. Llamenos de lunes a viernes de 10 a 20 y s\u00e1bados de 10 a 14.<\/p>\n","protected":false},"excerpt":{"rendered":"<p>Dispongo de las piezas que salen en las fotos de la Keeway speed 125 entrega en mano o env\u00edo a toda Espa\u00f1a motor de arranque 40 \u20ac amortiguadores 20 \u20ac unidad regulador de corriente 20 \u20ac piloto trasero 15 \u20ac bobina de altas 15 \u20ac carburador 40 \u20ac tapa lateral derecha 30 \u20ac tap\u00f3n de&hellip;&nbsp;<a href=\"https:\/\/desguacedemotos.info\/index.php\/producto\/despiece-keeway-speed\/\" class=\"\" rel=\"bookmark\">Leer m\u00e1s &raquo;<span class=\"screen-reader-text\">DESPIECE KEEWAY SPEED<\/span><\/a><\/p>\n","protected":false},"featured_media":7294,"template":"","meta":{"neve_meta_sidebar":"","neve_meta_container":"","neve_meta_enable_content_width":"","neve_meta_content_width":0,"neve_meta_title_alignment":"","neve_meta_author_avatar":"","neve_post_elements_order":"","neve_meta_disable_header":"","neve_meta_disable_footer":"","neve_meta_disable_title":"","_ti_tpc_template_sync":false,"_ti_tpc_template_id":"","_joinchat":[]},"product_cat":[1346],"product_tag":[],"_links":{"self":[{"href":"https:\/\/desguacedemotos.info\/index.php\/wp-json\/wp\/v2\/product\/13637"}],"collection":[{"href":"https:\/\/desguacedemotos.info\/index.php\/wp-json\/wp\/v2\/product"}],"about":[{"href":"https:\/\/desguacedemotos.info\/index.php\/wp-json\/wp\/v2\/types\/product"}],"version-history":[{"count":0,"href":"https:\/\/desguacedemotos.info\/index.php\/wp-json\/wp\/v2\/product\/13637\/revisions"}],"wp:featuredmedia":[{"embeddable":true,"href":"https:\/\/desguacedemotos.info\/index.php\/wp-json\/wp\/v2\/media\/7294"}],"wp:attachment":[{"href":"https:\/\/desguacedemotos.info\/index.php\/wp-json\/wp\/v2\/media?parent=13637"}],"wp:term":[{"taxonomy":"product_cat","embeddable":true,"href":"https:\/\/desguacedemotos.info\/index.php\/wp-json\/wp\/v2\/product_cat?post=13637"},{"taxonomy":"product_tag","embeddable":true,"href":"https:\/\/desguacedemotos.info\/index.php\/wp-json\/wp\/v2\/product_tag?post=13637"}],"curies":[{"name":"wp","href":"https:\/\/api.w.org\/{rel}","templated":true}]}}