{"id":13654,"date":"2021-04-07T22:08:17","date_gmt":"2021-04-07T22:08:17","guid":{"rendered":"http:\/\/desguacedemotos.info\/index.php\/producto\/amortiguadores-kymco-agility-125-2016\/"},"modified":"2021-04-07T22:08:17","modified_gmt":"2021-04-07T22:08:17","slug":"amortiguadores-kymco-agility-125-2016","status":"publish","type":"product","link":"https:\/\/desguacedemotos.info\/index.php\/producto\/amortiguadores-kymco-agility-125-2016\/","title":{"rendered":"amortiguadores. kymco agility 125 2016"},"content":{"rendered":"<p>A\u00f1o 2016 modelo de carburaci\u00f3n recambio original en buen estado entrega en mano o enviamos a toda espa\u00f1a moto recambios Vid\u00e1n 61521 3587<\/p>\n","protected":false},"excerpt":{"rendered":"<p>A\u00f1o 2016 modelo de carburaci\u00f3n recambio original en buen estado entrega en mano o enviamos a toda espa\u00f1a moto recambios Vid\u00e1n 61521 3587<\/p>\n","protected":false},"featured_media":1315,"template":"","meta":{"neve_meta_sidebar":"","neve_meta_container":"","neve_meta_enable_content_width":"","neve_meta_content_width":0,"neve_meta_title_alignment":"","neve_meta_author_avatar":"","neve_post_elements_order":"","neve_meta_disable_header":"","neve_meta_disable_footer":"","neve_meta_disable_title":"","_ti_tpc_template_sync":false,"_ti_tpc_template_id":"","_joinchat":[]},"product_cat":[1357],"product_tag":[],"_links":{"self":[{"href":"https:\/\/desguacedemotos.info\/index.php\/wp-json\/wp\/v2\/product\/13654"}],"collection":[{"href":"https:\/\/desguacedemotos.info\/index.php\/wp-json\/wp\/v2\/product"}],"about":[{"href":"https:\/\/desguacedemotos.info\/index.php\/wp-json\/wp\/v2\/types\/product"}],"version-history":[{"count":0,"href":"https:\/\/desguacedemotos.info\/index.php\/wp-json\/wp\/v2\/product\/13654\/revisions"}],"wp:featuredmedia":[{"embeddable":true,"href":"https:\/\/desguacedemotos.info\/index.php\/wp-json\/wp\/v2\/media\/1315"}],"wp:attachment":[{"href":"https:\/\/desguacedemotos.info\/index.php\/wp-json\/wp\/v2\/media?parent=13654"}],"wp:term":[{"taxonomy":"product_cat","embeddable":true,"href":"https:\/\/desguacedemotos.info\/index.php\/wp-json\/wp\/v2\/product_cat?post=13654"},{"taxonomy":"product_tag","embeddable":true,"href":"https:\/\/desguacedemotos.info\/index.php\/wp-json\/wp\/v2\/product_tag?post=13654"}],"curies":[{"name":"wp","href":"https:\/\/api.w.org\/{rel}","templated":true}]}}