{"id":13684,"date":"2021-04-07T22:08:23","date_gmt":"2021-04-07T22:08:23","guid":{"rendered":"http:\/\/desguacedemotos.info\/index.php\/producto\/rueda-trasera-completa-kymco-xciting-500-r\/"},"modified":"2021-04-07T22:08:23","modified_gmt":"2021-04-07T22:08:23","slug":"rueda-trasera-completa-kymco-xciting-500-r","status":"publish","type":"product","link":"https:\/\/desguacedemotos.info\/index.php\/producto\/rueda-trasera-completa-kymco-xciting-500-r\/","title":{"rendered":"rueda trasera completa kymco xciting 500 R"},"content":{"rendered":"<p>Se vende completa tal cual se ve en las fotos con neum\u00e1ticos Michelin nuevo y disco de freno pr\u00e1cticamente nuevo tambi\u00e9n, pesca de freno por separado ser\u00edan 60 \u20ac. todo conjunto 140<\/p>\n","protected":false},"excerpt":{"rendered":"<p>Se vende completa tal cual se ve en las fotos con neum\u00e1ticos Michelin nuevo y disco de freno pr\u00e1cticamente nuevo tambi\u00e9n, pesca de freno por separado ser\u00edan 60 \u20ac. todo conjunto 140<\/p>\n","protected":false},"featured_media":1773,"template":"","meta":{"neve_meta_sidebar":"","neve_meta_container":"","neve_meta_enable_content_width":"","neve_meta_content_width":0,"neve_meta_title_alignment":"","neve_meta_author_avatar":"","neve_post_elements_order":"","neve_meta_disable_header":"","neve_meta_disable_footer":"","neve_meta_disable_title":"","_ti_tpc_template_sync":false,"_ti_tpc_template_id":"","_joinchat":[]},"product_cat":[1360],"product_tag":[],"_links":{"self":[{"href":"https:\/\/desguacedemotos.info\/index.php\/wp-json\/wp\/v2\/product\/13684"}],"collection":[{"href":"https:\/\/desguacedemotos.info\/index.php\/wp-json\/wp\/v2\/product"}],"about":[{"href":"https:\/\/desguacedemotos.info\/index.php\/wp-json\/wp\/v2\/types\/product"}],"version-history":[{"count":0,"href":"https:\/\/desguacedemotos.info\/index.php\/wp-json\/wp\/v2\/product\/13684\/revisions"}],"wp:featuredmedia":[{"embeddable":true,"href":"https:\/\/desguacedemotos.info\/index.php\/wp-json\/wp\/v2\/media\/1773"}],"wp:attachment":[{"href":"https:\/\/desguacedemotos.info\/index.php\/wp-json\/wp\/v2\/media?parent=13684"}],"wp:term":[{"taxonomy":"product_cat","embeddable":true,"href":"https:\/\/desguacedemotos.info\/index.php\/wp-json\/wp\/v2\/product_cat?post=13684"},{"taxonomy":"product_tag","embeddable":true,"href":"https:\/\/desguacedemotos.info\/index.php\/wp-json\/wp\/v2\/product_tag?post=13684"}],"curies":[{"name":"wp","href":"https:\/\/api.w.org\/{rel}","templated":true}]}}