{"id":13685,"date":"2021-04-07T22:08:23","date_gmt":"2021-04-07T22:08:23","guid":{"rendered":"http:\/\/desguacedemotos.info\/index.php\/producto\/despuece-kymco-xciting-500r\/"},"modified":"2021-04-07T22:08:23","modified_gmt":"2021-04-07T22:08:23","slug":"despuece-kymco-xciting-500r","status":"publish","type":"product","link":"https:\/\/desguacedemotos.info\/index.php\/producto\/despuece-kymco-xciting-500r\/","title":{"rendered":"despuece kymco xciting 500r"},"content":{"rendered":"<p>NO ME QUEDA EL CUADRO DE INSTRUMENTOS. despiece de esta moto el motor como veis no lo tengo en buen estado pero est\u00e1 desmontado y tengo todas las piezas excepto biela y cig\u00fce\u00f1al en qu\u00e9 fue la aver\u00eda de la moto. motor de arranque variador embrague frontal guardabarros delantero rueda trasera delantera discos de freno retrovisores cuadro de instrumentos colin trasero faro delantero faro trasero dep\u00f3sito bomba de gasolina frenos delantero y trasero etc disponemos de todo entrega en mano y env\u00edos a toda Espa\u00f1a moto recambios Vid\u00e1n 61521 3587<\/p>\n","protected":false},"excerpt":{"rendered":"<p>NO ME QUEDA EL CUADRO DE INSTRUMENTOS. despiece de esta moto el motor como veis no lo tengo en buen estado pero est\u00e1 desmontado y tengo todas las piezas excepto biela y cig\u00fce\u00f1al en qu\u00e9 fue la aver\u00eda de la moto. motor de arranque variador embrague frontal guardabarros delantero rueda trasera delantera discos de freno&hellip;&nbsp;<a href=\"https:\/\/desguacedemotos.info\/index.php\/producto\/despuece-kymco-xciting-500r\/\" class=\"\" rel=\"bookmark\">Leer m\u00e1s &raquo;<span class=\"screen-reader-text\">despuece kymco xciting 500r<\/span><\/a><\/p>\n","protected":false},"featured_media":1775,"template":"","meta":{"neve_meta_sidebar":"","neve_meta_container":"","neve_meta_enable_content_width":"","neve_meta_content_width":0,"neve_meta_title_alignment":"","neve_meta_author_avatar":"","neve_post_elements_order":"","neve_meta_disable_header":"","neve_meta_disable_footer":"","neve_meta_disable_title":"","_ti_tpc_template_sync":false,"_ti_tpc_template_id":"","_joinchat":[]},"product_cat":[1360],"product_tag":[],"_links":{"self":[{"href":"https:\/\/desguacedemotos.info\/index.php\/wp-json\/wp\/v2\/product\/13685"}],"collection":[{"href":"https:\/\/desguacedemotos.info\/index.php\/wp-json\/wp\/v2\/product"}],"about":[{"href":"https:\/\/desguacedemotos.info\/index.php\/wp-json\/wp\/v2\/types\/product"}],"version-history":[{"count":0,"href":"https:\/\/desguacedemotos.info\/index.php\/wp-json\/wp\/v2\/product\/13685\/revisions"}],"wp:featuredmedia":[{"embeddable":true,"href":"https:\/\/desguacedemotos.info\/index.php\/wp-json\/wp\/v2\/media\/1775"}],"wp:attachment":[{"href":"https:\/\/desguacedemotos.info\/index.php\/wp-json\/wp\/v2\/media?parent=13685"}],"wp:term":[{"taxonomy":"product_cat","embeddable":true,"href":"https:\/\/desguacedemotos.info\/index.php\/wp-json\/wp\/v2\/product_cat?post=13685"},{"taxonomy":"product_tag","embeddable":true,"href":"https:\/\/desguacedemotos.info\/index.php\/wp-json\/wp\/v2\/product_tag?post=13685"}],"curies":[{"name":"wp","href":"https:\/\/api.w.org\/{rel}","templated":true}]}}