{"id":13693,"date":"2021-04-07T22:08:24","date_gmt":"2021-04-07T22:08:24","guid":{"rendered":"http:\/\/desguacedemotos.info\/index.php\/producto\/cilindro-y-piston-kymco-xciting-500-r\/"},"modified":"2021-04-07T22:08:24","modified_gmt":"2021-04-07T22:08:24","slug":"cilindro-y-piston-kymco-xciting-500-r","status":"publish","type":"product","link":"https:\/\/desguacedemotos.info\/index.php\/producto\/cilindro-y-piston-kymco-xciting-500-r\/","title":{"rendered":"cilindro y pist\u00f3n kymco xciting 500 R"},"content":{"rendered":"<p>A\u00f1o 2008 modelo de inyecci\u00f3n est\u00e1 en buenas condiciones seg\u00fan se ve en las fotos entrega en mano o env\u00edo a toda Espa\u00f1a. moto recambios vidan.615213587.<\/p>\n","protected":false},"excerpt":{"rendered":"<p>A\u00f1o 2008 modelo de inyecci\u00f3n est\u00e1 en buenas condiciones seg\u00fan se ve en las fotos entrega en mano o env\u00edo a toda Espa\u00f1a. moto recambios vidan.615213587.<\/p>\n","protected":false},"featured_media":1867,"template":"","meta":{"neve_meta_sidebar":"","neve_meta_container":"","neve_meta_enable_content_width":"","neve_meta_content_width":0,"neve_meta_title_alignment":"","neve_meta_author_avatar":"","neve_post_elements_order":"","neve_meta_disable_header":"","neve_meta_disable_footer":"","neve_meta_disable_title":"","_ti_tpc_template_sync":false,"_ti_tpc_template_id":"","_joinchat":[]},"product_cat":[1360],"product_tag":[],"_links":{"self":[{"href":"https:\/\/desguacedemotos.info\/index.php\/wp-json\/wp\/v2\/product\/13693"}],"collection":[{"href":"https:\/\/desguacedemotos.info\/index.php\/wp-json\/wp\/v2\/product"}],"about":[{"href":"https:\/\/desguacedemotos.info\/index.php\/wp-json\/wp\/v2\/types\/product"}],"version-history":[{"count":0,"href":"https:\/\/desguacedemotos.info\/index.php\/wp-json\/wp\/v2\/product\/13693\/revisions"}],"wp:featuredmedia":[{"embeddable":true,"href":"https:\/\/desguacedemotos.info\/index.php\/wp-json\/wp\/v2\/media\/1867"}],"wp:attachment":[{"href":"https:\/\/desguacedemotos.info\/index.php\/wp-json\/wp\/v2\/media?parent=13693"}],"wp:term":[{"taxonomy":"product_cat","embeddable":true,"href":"https:\/\/desguacedemotos.info\/index.php\/wp-json\/wp\/v2\/product_cat?post=13693"},{"taxonomy":"product_tag","embeddable":true,"href":"https:\/\/desguacedemotos.info\/index.php\/wp-json\/wp\/v2\/product_tag?post=13693"}],"curies":[{"name":"wp","href":"https:\/\/api.w.org\/{rel}","templated":true}]}}