{"id":13949,"date":"2021-04-07T22:09:16","date_gmt":"2021-04-07T22:09:16","guid":{"rendered":"http:\/\/desguacedemotos.info\/index.php\/producto\/kymco-xciting-500\/"},"modified":"2021-04-07T22:09:16","modified_gmt":"2021-04-07T22:09:16","slug":"kymco-xciting-500","status":"publish","type":"product","link":"https:\/\/desguacedemotos.info\/index.php\/producto\/kymco-xciting-500\/","title":{"rendered":"KYMCO XCITING 500"},"content":{"rendered":"<p>Culata vendida. tengo todas las piezas de esta moto chasis documentado en regla a\u00f1o 2006 carburaci\u00f3n motor funcionando perfectamente aunque tiene mal la bomba de agua pero suena muy bien y arranca y funciona perfectamente solo se vende por piezas. Recambio usado, entrega en mano o env\u00edo a toda Espa\u00f1a. Llamenos de lunes a viernes de 10 a 20 y s\u00e1bados de 10 a 14.<\/p>\n","protected":false},"excerpt":{"rendered":"<p>Culata vendida. tengo todas las piezas de esta moto chasis documentado en regla a\u00f1o 2006 carburaci\u00f3n motor funcionando perfectamente aunque tiene mal la bomba de agua pero suena muy bien y arranca y funciona perfectamente solo se vende por piezas. Recambio usado, entrega en mano o env\u00edo a toda Espa\u00f1a. Llamenos de lunes a viernes&hellip;&nbsp;<a href=\"https:\/\/desguacedemotos.info\/index.php\/producto\/kymco-xciting-500\/\" class=\"\" rel=\"bookmark\">Leer m\u00e1s &raquo;<span class=\"screen-reader-text\">KYMCO XCITING 500<\/span><\/a><\/p>\n","protected":false},"featured_media":6933,"template":"","meta":{"neve_meta_sidebar":"","neve_meta_container":"","neve_meta_enable_content_width":"","neve_meta_content_width":0,"neve_meta_title_alignment":"","neve_meta_author_avatar":"","neve_post_elements_order":"","neve_meta_disable_header":"","neve_meta_disable_footer":"","neve_meta_disable_title":"","_ti_tpc_template_sync":false,"_ti_tpc_template_id":"","_joinchat":[]},"product_cat":[1360],"product_tag":[],"_links":{"self":[{"href":"https:\/\/desguacedemotos.info\/index.php\/wp-json\/wp\/v2\/product\/13949"}],"collection":[{"href":"https:\/\/desguacedemotos.info\/index.php\/wp-json\/wp\/v2\/product"}],"about":[{"href":"https:\/\/desguacedemotos.info\/index.php\/wp-json\/wp\/v2\/types\/product"}],"version-history":[{"count":0,"href":"https:\/\/desguacedemotos.info\/index.php\/wp-json\/wp\/v2\/product\/13949\/revisions"}],"wp:featuredmedia":[{"embeddable":true,"href":"https:\/\/desguacedemotos.info\/index.php\/wp-json\/wp\/v2\/media\/6933"}],"wp:attachment":[{"href":"https:\/\/desguacedemotos.info\/index.php\/wp-json\/wp\/v2\/media?parent=13949"}],"wp:term":[{"taxonomy":"product_cat","embeddable":true,"href":"https:\/\/desguacedemotos.info\/index.php\/wp-json\/wp\/v2\/product_cat?post=13949"},{"taxonomy":"product_tag","embeddable":true,"href":"https:\/\/desguacedemotos.info\/index.php\/wp-json\/wp\/v2\/product_tag?post=13949"}],"curies":[{"name":"wp","href":"https:\/\/api.w.org\/{rel}","templated":true}]}}