{"id":13978,"date":"2021-04-07T22:09:20","date_gmt":"2021-04-07T22:09:20","guid":{"rendered":"http:\/\/desguacedemotos.info\/index.php\/producto\/kymco-agility-50-cc-despiece\/"},"modified":"2021-04-07T22:09:20","modified_gmt":"2021-04-07T22:09:20","slug":"kymco-agility-50-cc-despiece","status":"publish","type":"product","link":"https:\/\/desguacedemotos.info\/index.php\/producto\/kymco-agility-50-cc-despiece\/","title":{"rendered":"KYMCO AGILITY 50 CC DESPIECE"},"content":{"rendered":"<p>Dispongo de las piezas que salen en las fotos, pl\u00e1sticos traseros perfecto estado solo a falta de pintar 40 eur , piloto trasero 20 eur , faro delantero 30 eur horquilla 40 eur y freno delantero 30 eur. Recambio usado, entrega en mano o env\u00edo a toda Espa\u00f1a. Llamenos de lunes a viernes de 10 a 20 y s\u00e1bados de 10 a 14.<\/p>\n","protected":false},"excerpt":{"rendered":"<p>Dispongo de las piezas que salen en las fotos, pl\u00e1sticos traseros perfecto estado solo a falta de pintar 40 eur , piloto trasero 20 eur , faro delantero 30 eur horquilla 40 eur y freno delantero 30 eur. Recambio usado, entrega en mano o env\u00edo a toda Espa\u00f1a. Llamenos de lunes a viernes de 10&hellip;&nbsp;<a href=\"https:\/\/desguacedemotos.info\/index.php\/producto\/kymco-agility-50-cc-despiece\/\" class=\"\" rel=\"bookmark\">Leer m\u00e1s &raquo;<span class=\"screen-reader-text\">KYMCO AGILITY 50 CC DESPIECE<\/span><\/a><\/p>\n","protected":false},"featured_media":7558,"template":"","meta":{"neve_meta_sidebar":"","neve_meta_container":"","neve_meta_enable_content_width":"","neve_meta_content_width":0,"neve_meta_title_alignment":"","neve_meta_author_avatar":"","neve_post_elements_order":"","neve_meta_disable_header":"","neve_meta_disable_footer":"","neve_meta_disable_title":"","_ti_tpc_template_sync":false,"_ti_tpc_template_id":"","_joinchat":[]},"product_cat":[1378],"product_tag":[],"_links":{"self":[{"href":"https:\/\/desguacedemotos.info\/index.php\/wp-json\/wp\/v2\/product\/13978"}],"collection":[{"href":"https:\/\/desguacedemotos.info\/index.php\/wp-json\/wp\/v2\/product"}],"about":[{"href":"https:\/\/desguacedemotos.info\/index.php\/wp-json\/wp\/v2\/types\/product"}],"version-history":[{"count":0,"href":"https:\/\/desguacedemotos.info\/index.php\/wp-json\/wp\/v2\/product\/13978\/revisions"}],"wp:featuredmedia":[{"embeddable":true,"href":"https:\/\/desguacedemotos.info\/index.php\/wp-json\/wp\/v2\/media\/7558"}],"wp:attachment":[{"href":"https:\/\/desguacedemotos.info\/index.php\/wp-json\/wp\/v2\/media?parent=13978"}],"wp:term":[{"taxonomy":"product_cat","embeddable":true,"href":"https:\/\/desguacedemotos.info\/index.php\/wp-json\/wp\/v2\/product_cat?post=13978"},{"taxonomy":"product_tag","embeddable":true,"href":"https:\/\/desguacedemotos.info\/index.php\/wp-json\/wp\/v2\/product_tag?post=13978"}],"curies":[{"name":"wp","href":"https:\/\/api.w.org\/{rel}","templated":true}]}}