{"id":14012,"date":"2021-04-07T22:14:22","date_gmt":"2021-04-07T22:14:22","guid":{"rendered":"http:\/\/desguacedemotos.info\/index.php\/producto\/piezas-moto-guzzi-250\/"},"modified":"2021-04-07T22:14:22","modified_gmt":"2021-04-07T22:14:22","slug":"piezas-moto-guzzi-250","status":"publish","type":"product","link":"https:\/\/desguacedemotos.info\/index.php\/producto\/piezas-moto-guzzi-250\/","title":{"rendered":"PIEZAS MOTO GUZZI 250"},"content":{"rendered":"<p>Moto guzzi a\u00f1os 70, 250 2t bicilindrica, dispongo de lo que se ve en la foto, cilindros culata pistones y Carter, tambi\u00e9n tengo el carburador, preguntar precios, gracias. Recambio usado, entrega en mano o env\u00edo a toda Espa\u00f1a. Llamenos de lunes a viernes de 10 a 20 y s\u00e1bados de 10 a 14.<\/p>\n","protected":false},"excerpt":{"rendered":"<p>Moto guzzi a\u00f1os 70, 250 2t bicilindrica, dispongo de lo que se ve en la foto, cilindros culata pistones y Carter, tambi\u00e9n tengo el carburador, preguntar precios, gracias. Recambio usado, entrega en mano o env\u00edo a toda Espa\u00f1a. Llamenos de lunes a viernes de 10 a 20 y s\u00e1bados de 10 a 14.<\/p>\n","protected":false},"featured_media":3673,"template":"","meta":{"neve_meta_sidebar":"","neve_meta_container":"","neve_meta_enable_content_width":"","neve_meta_content_width":0,"neve_meta_title_alignment":"","neve_meta_author_avatar":"","neve_post_elements_order":"","neve_meta_disable_header":"","neve_meta_disable_footer":"","neve_meta_disable_title":"","_ti_tpc_template_sync":false,"_ti_tpc_template_id":"","_joinchat":[]},"product_cat":[1384],"product_tag":[],"_links":{"self":[{"href":"https:\/\/desguacedemotos.info\/index.php\/wp-json\/wp\/v2\/product\/14012"}],"collection":[{"href":"https:\/\/desguacedemotos.info\/index.php\/wp-json\/wp\/v2\/product"}],"about":[{"href":"https:\/\/desguacedemotos.info\/index.php\/wp-json\/wp\/v2\/types\/product"}],"version-history":[{"count":0,"href":"https:\/\/desguacedemotos.info\/index.php\/wp-json\/wp\/v2\/product\/14012\/revisions"}],"wp:featuredmedia":[{"embeddable":true,"href":"https:\/\/desguacedemotos.info\/index.php\/wp-json\/wp\/v2\/media\/3673"}],"wp:attachment":[{"href":"https:\/\/desguacedemotos.info\/index.php\/wp-json\/wp\/v2\/media?parent=14012"}],"wp:term":[{"taxonomy":"product_cat","embeddable":true,"href":"https:\/\/desguacedemotos.info\/index.php\/wp-json\/wp\/v2\/product_cat?post=14012"},{"taxonomy":"product_tag","embeddable":true,"href":"https:\/\/desguacedemotos.info\/index.php\/wp-json\/wp\/v2\/product_tag?post=14012"}],"curies":[{"name":"wp","href":"https:\/\/api.w.org\/{rel}","templated":true}]}}