{"id":14028,"date":"2021-04-07T22:17:56","date_gmt":"2021-04-07T22:17:56","guid":{"rendered":"http:\/\/desguacedemotos.info\/index.php\/producto\/peugeot-zenith-50cc-para-piezas\/"},"modified":"2021-04-08T18:50:39","modified_gmt":"2021-04-08T18:50:39","slug":"peugeot-zenith-50cc-para-piezas","status":"publish","type":"product","link":"https:\/\/desguacedemotos.info\/index.php\/producto\/peugeot-zenith-50cc-para-piezas\/","title":{"rendered":"PEUGEOT ZENITH 50cc para piezas"},"content":{"rendered":"<p>Despiece completo Peugeot zenith 50cc a\u00f1o 98, baja definitiva, solo para repuestos, lleva parada a\u00f1os, el motor esta bien, se entrega a cualquier punto de Espa\u00f1a por 70 euros aparte . no preguntas tontas. gracias<\/p>\n","protected":false},"excerpt":{"rendered":"<p>Despiece completo Peugeot zenith 50cc a\u00f1o 98, baja definitiva, solo para repuestos, lleva parada a\u00f1os, el motor esta bien, se entrega a cualquier punto de Espa\u00f1a por 70 euros aparte . no preguntas tontas. gracias<\/p>\n","protected":false},"featured_media":1548,"template":"","meta":{"neve_meta_sidebar":"","neve_meta_container":"","neve_meta_enable_content_width":"","neve_meta_content_width":0,"neve_meta_title_alignment":"","neve_meta_author_avatar":"","neve_post_elements_order":"","neve_meta_disable_header":"","neve_meta_disable_footer":"","neve_meta_disable_title":"","_ti_tpc_template_sync":false,"_ti_tpc_template_id":"","_joinchat":[]},"product_cat":[1398],"product_tag":[],"_links":{"self":[{"href":"https:\/\/desguacedemotos.info\/index.php\/wp-json\/wp\/v2\/product\/14028"}],"collection":[{"href":"https:\/\/desguacedemotos.info\/index.php\/wp-json\/wp\/v2\/product"}],"about":[{"href":"https:\/\/desguacedemotos.info\/index.php\/wp-json\/wp\/v2\/types\/product"}],"version-history":[{"count":1,"href":"https:\/\/desguacedemotos.info\/index.php\/wp-json\/wp\/v2\/product\/14028\/revisions"}],"predecessor-version":[{"id":15728,"href":"https:\/\/desguacedemotos.info\/index.php\/wp-json\/wp\/v2\/product\/14028\/revisions\/15728"}],"wp:featuredmedia":[{"embeddable":true,"href":"https:\/\/desguacedemotos.info\/index.php\/wp-json\/wp\/v2\/media\/1548"}],"wp:attachment":[{"href":"https:\/\/desguacedemotos.info\/index.php\/wp-json\/wp\/v2\/media?parent=14028"}],"wp:term":[{"taxonomy":"product_cat","embeddable":true,"href":"https:\/\/desguacedemotos.info\/index.php\/wp-json\/wp\/v2\/product_cat?post=14028"},{"taxonomy":"product_tag","embeddable":true,"href":"https:\/\/desguacedemotos.info\/index.php\/wp-json\/wp\/v2\/product_tag?post=14028"}],"curies":[{"name":"wp","href":"https:\/\/api.w.org\/{rel}","templated":true}]}}