{"id":14033,"date":"2021-04-07T22:17:57","date_gmt":"2021-04-07T22:17:57","guid":{"rendered":"http:\/\/desguacedemotos.info\/index.php\/producto\/peugeot-speedfight-2-despiece\/"},"modified":"2021-04-07T22:17:57","modified_gmt":"2021-04-07T22:17:57","slug":"peugeot-speedfight-2-despiece","status":"publish","type":"product","link":"https:\/\/desguacedemotos.info\/index.php\/producto\/peugeot-speedfight-2-despiece\/","title":{"rendered":"PEUGEOT SPEEDFIGHT 2 DESPIECE"},"content":{"rendered":"<p>Dispongo de las piezas que anuncio en las fotos, todo est\u00e1 en buenas condiciones guardabarros delantero 25 \u20ac marcador 30 euros amortiguador de gas 30 \u20ac caballete central 20 \u20ac carburador Arreche 19 30 \u20ac espejos con mandos de luces 30 \u20ac la pareja cableado el\u00e9ctrico 30 \u20ac completo. Recambio usado, entrega en mano o env\u00edo a toda Espa\u00f1a. Llamenos de lunes a viernes de 10 a 20 y s\u00e1bados de 10 a 14.<\/p>\n","protected":false},"excerpt":{"rendered":"<p>Dispongo de las piezas que anuncio en las fotos, todo est\u00e1 en buenas condiciones guardabarros delantero 25 \u20ac marcador 30 euros amortiguador de gas 30 \u20ac caballete central 20 \u20ac carburador Arreche 19 30 \u20ac espejos con mandos de luces 30 \u20ac la pareja cableado el\u00e9ctrico 30 \u20ac completo. Recambio usado, entrega en mano o&hellip;&nbsp;<a href=\"https:\/\/desguacedemotos.info\/index.php\/producto\/peugeot-speedfight-2-despiece\/\" class=\"\" rel=\"bookmark\">Leer m\u00e1s &raquo;<span class=\"screen-reader-text\">PEUGEOT SPEEDFIGHT 2 DESPIECE<\/span><\/a><\/p>\n","protected":false},"featured_media":2175,"template":"","meta":{"neve_meta_sidebar":"","neve_meta_container":"","neve_meta_enable_content_width":"","neve_meta_content_width":0,"neve_meta_title_alignment":"","neve_meta_author_avatar":"","neve_post_elements_order":"","neve_meta_disable_header":"","neve_meta_disable_footer":"","neve_meta_disable_title":"","_ti_tpc_template_sync":false,"_ti_tpc_template_id":"","_joinchat":[]},"product_cat":[1394],"product_tag":[],"_links":{"self":[{"href":"https:\/\/desguacedemotos.info\/index.php\/wp-json\/wp\/v2\/product\/14033"}],"collection":[{"href":"https:\/\/desguacedemotos.info\/index.php\/wp-json\/wp\/v2\/product"}],"about":[{"href":"https:\/\/desguacedemotos.info\/index.php\/wp-json\/wp\/v2\/types\/product"}],"version-history":[{"count":0,"href":"https:\/\/desguacedemotos.info\/index.php\/wp-json\/wp\/v2\/product\/14033\/revisions"}],"wp:featuredmedia":[{"embeddable":true,"href":"https:\/\/desguacedemotos.info\/index.php\/wp-json\/wp\/v2\/media\/2175"}],"wp:attachment":[{"href":"https:\/\/desguacedemotos.info\/index.php\/wp-json\/wp\/v2\/media?parent=14033"}],"wp:term":[{"taxonomy":"product_cat","embeddable":true,"href":"https:\/\/desguacedemotos.info\/index.php\/wp-json\/wp\/v2\/product_cat?post=14033"},{"taxonomy":"product_tag","embeddable":true,"href":"https:\/\/desguacedemotos.info\/index.php\/wp-json\/wp\/v2\/product_tag?post=14033"}],"curies":[{"name":"wp","href":"https:\/\/api.w.org\/{rel}","templated":true}]}}