{"id":14034,"date":"2021-04-07T22:17:57","date_gmt":"2021-04-07T22:17:57","guid":{"rendered":"http:\/\/desguacedemotos.info\/index.php\/producto\/despiece-peugeot-sv-125\/"},"modified":"2021-04-07T22:17:57","modified_gmt":"2021-04-07T22:17:57","slug":"despiece-peugeot-sv-125","status":"publish","type":"product","link":"https:\/\/desguacedemotos.info\/index.php\/producto\/despiece-peugeot-sv-125\/","title":{"rendered":"DESPIECE PEUGEOT SV 125"},"content":{"rendered":"<p>Dispongo de las piezas que salen en las fotos est\u00e1n en buen estado marcador 30 \u20ac amortiguadores 30 \u20ac los dos carburador 40 \u20ac retrovisores 20 la pareja tambi\u00e9n aparte dispongo de pl\u00e1stico frontal y colin trasero que ser\u00edan 40 \u20ac cada pl\u00e1stico. Recambio usado, entrega en mano o env\u00edo a toda Espa\u00f1a. Llamenos de lunes a viernes de 10 a 20 y s\u00e1bados de 10 a 14.<\/p>\n","protected":false},"excerpt":{"rendered":"<p>Dispongo de las piezas que salen en las fotos est\u00e1n en buen estado marcador 30 \u20ac amortiguadores 30 \u20ac los dos carburador 40 \u20ac retrovisores 20 la pareja tambi\u00e9n aparte dispongo de pl\u00e1stico frontal y colin trasero que ser\u00edan 40 \u20ac cada pl\u00e1stico. Recambio usado, entrega en mano o env\u00edo a toda Espa\u00f1a. Llamenos de&hellip;&nbsp;<a href=\"https:\/\/desguacedemotos.info\/index.php\/producto\/despiece-peugeot-sv-125\/\" class=\"\" rel=\"bookmark\">Leer m\u00e1s &raquo;<span class=\"screen-reader-text\">DESPIECE PEUGEOT SV 125<\/span><\/a><\/p>\n","protected":false},"featured_media":2263,"template":"","meta":{"neve_meta_sidebar":"","neve_meta_container":"","neve_meta_enable_content_width":"","neve_meta_content_width":0,"neve_meta_title_alignment":"","neve_meta_author_avatar":"","neve_post_elements_order":"","neve_meta_disable_header":"","neve_meta_disable_footer":"","neve_meta_disable_title":"","_ti_tpc_template_sync":false,"_ti_tpc_template_id":"","_joinchat":[]},"product_cat":[1395],"product_tag":[],"_links":{"self":[{"href":"https:\/\/desguacedemotos.info\/index.php\/wp-json\/wp\/v2\/product\/14034"}],"collection":[{"href":"https:\/\/desguacedemotos.info\/index.php\/wp-json\/wp\/v2\/product"}],"about":[{"href":"https:\/\/desguacedemotos.info\/index.php\/wp-json\/wp\/v2\/types\/product"}],"version-history":[{"count":0,"href":"https:\/\/desguacedemotos.info\/index.php\/wp-json\/wp\/v2\/product\/14034\/revisions"}],"wp:featuredmedia":[{"embeddable":true,"href":"https:\/\/desguacedemotos.info\/index.php\/wp-json\/wp\/v2\/media\/2263"}],"wp:attachment":[{"href":"https:\/\/desguacedemotos.info\/index.php\/wp-json\/wp\/v2\/media?parent=14034"}],"wp:term":[{"taxonomy":"product_cat","embeddable":true,"href":"https:\/\/desguacedemotos.info\/index.php\/wp-json\/wp\/v2\/product_cat?post=14034"},{"taxonomy":"product_tag","embeddable":true,"href":"https:\/\/desguacedemotos.info\/index.php\/wp-json\/wp\/v2\/product_tag?post=14034"}],"curies":[{"name":"wp","href":"https:\/\/api.w.org\/{rel}","templated":true}]}}