{"id":14061,"date":"2021-04-07T22:18:03","date_gmt":"2021-04-07T22:18:03","guid":{"rendered":"http:\/\/desguacedemotos.info\/index.php\/producto\/despiece-peugeot-elyseo-125-4t\/"},"modified":"2021-04-07T22:18:03","modified_gmt":"2021-04-07T22:18:03","slug":"despiece-peugeot-elyseo-125-4t","status":"publish","type":"product","link":"https:\/\/desguacedemotos.info\/index.php\/producto\/despiece-peugeot-elyseo-125-4t\/","title":{"rendered":"DESPIECE PEUGEOT ELYSEO 125 4T"},"content":{"rendered":"<p>Dispongo de las piezas que salen en las fotos de una Peugeot Elyseo a\u00f1o 2005 aprox cachas traseras 40 \u20ac contra escudo frontal 30 \u20ac piloto trasero con pl\u00e1stico 30 \u20ac c\u00fapula 30 \u20ac carburador 60 \u20ac radiador con electroventilador 40 \u20ac regulador de corriente 40 \u20ac bomba de freno delantero 30 \u20ac rueda delantera completa 40 \u20ac. Recambio usado, entrega en mano o env\u00edo a toda Espa\u00f1a. Llamenos de lunes a viernes de 10 a 20 y s\u00e1bados de 10 a 14.<\/p>\n","protected":false},"excerpt":{"rendered":"<p>Dispongo de las piezas que salen en las fotos de una Peugeot Elyseo a\u00f1o 2005 aprox cachas traseras 40 \u20ac contra escudo frontal 30 \u20ac piloto trasero con pl\u00e1stico 30 \u20ac c\u00fapula 30 \u20ac carburador 60 \u20ac radiador con electroventilador 40 \u20ac regulador de corriente 40 \u20ac bomba de freno delantero 30 \u20ac rueda delantera&hellip;&nbsp;<a href=\"https:\/\/desguacedemotos.info\/index.php\/producto\/despiece-peugeot-elyseo-125-4t\/\" class=\"\" rel=\"bookmark\">Leer m\u00e1s &raquo;<span class=\"screen-reader-text\">DESPIECE PEUGEOT ELYSEO 125 4T<\/span><\/a><\/p>\n","protected":false},"featured_media":3865,"template":"","meta":{"neve_meta_sidebar":"","neve_meta_container":"","neve_meta_enable_content_width":"","neve_meta_content_width":0,"neve_meta_title_alignment":"","neve_meta_author_avatar":"","neve_post_elements_order":"","neve_meta_disable_header":"","neve_meta_disable_footer":"","neve_meta_disable_title":"","_ti_tpc_template_sync":false,"_ti_tpc_template_id":"","_joinchat":[]},"product_cat":[1399],"product_tag":[],"_links":{"self":[{"href":"https:\/\/desguacedemotos.info\/index.php\/wp-json\/wp\/v2\/product\/14061"}],"collection":[{"href":"https:\/\/desguacedemotos.info\/index.php\/wp-json\/wp\/v2\/product"}],"about":[{"href":"https:\/\/desguacedemotos.info\/index.php\/wp-json\/wp\/v2\/types\/product"}],"version-history":[{"count":0,"href":"https:\/\/desguacedemotos.info\/index.php\/wp-json\/wp\/v2\/product\/14061\/revisions"}],"wp:featuredmedia":[{"embeddable":true,"href":"https:\/\/desguacedemotos.info\/index.php\/wp-json\/wp\/v2\/media\/3865"}],"wp:attachment":[{"href":"https:\/\/desguacedemotos.info\/index.php\/wp-json\/wp\/v2\/media?parent=14061"}],"wp:term":[{"taxonomy":"product_cat","embeddable":true,"href":"https:\/\/desguacedemotos.info\/index.php\/wp-json\/wp\/v2\/product_cat?post=14061"},{"taxonomy":"product_tag","embeddable":true,"href":"https:\/\/desguacedemotos.info\/index.php\/wp-json\/wp\/v2\/product_tag?post=14061"}],"curies":[{"name":"wp","href":"https:\/\/api.w.org\/{rel}","templated":true}]}}