{"id":14175,"date":"2021-04-07T22:22:56","date_gmt":"2021-04-07T22:22:56","guid":{"rendered":"http:\/\/desguacedemotos.info\/index.php\/producto\/motor-piaggio-zip-aire\/"},"modified":"2021-04-07T22:22:56","modified_gmt":"2021-04-07T22:22:56","slug":"motor-piaggio-zip-aire","status":"publish","type":"product","link":"https:\/\/desguacedemotos.info\/index.php\/producto\/motor-piaggio-zip-aire\/","title":{"rendered":"MOTOR PIAGGIO ZIP AIRE"},"content":{"rendered":"<p>Motor piaggio zip o Typhoon del a\u00f1o 2008 aproximadamente refrigerado por aire en perfecto estado pist\u00f3n y cilindro nuevo a estrenar pocos km. Recambio usado, entrega en mano o env\u00edo a toda Espa\u00f1a. Llamenos de lunes a viernes de 10 a 20 y s\u00e1bados de 10 a 14.<\/p>\n","protected":false},"excerpt":{"rendered":"<p>Motor piaggio zip o Typhoon del a\u00f1o 2008 aproximadamente refrigerado por aire en perfecto estado pist\u00f3n y cilindro nuevo a estrenar pocos km. Recambio usado, entrega en mano o env\u00edo a toda Espa\u00f1a. Llamenos de lunes a viernes de 10 a 20 y s\u00e1bados de 10 a 14.<\/p>\n","protected":false},"featured_media":2635,"template":"","meta":{"neve_meta_sidebar":"","neve_meta_container":"","neve_meta_enable_content_width":"","neve_meta_content_width":0,"neve_meta_title_alignment":"","neve_meta_author_avatar":"","neve_post_elements_order":"","neve_meta_disable_header":"","neve_meta_disable_footer":"","neve_meta_disable_title":"","_ti_tpc_template_sync":false,"_ti_tpc_template_id":"","_joinchat":[]},"product_cat":[1408],"product_tag":[],"_links":{"self":[{"href":"https:\/\/desguacedemotos.info\/index.php\/wp-json\/wp\/v2\/product\/14175"}],"collection":[{"href":"https:\/\/desguacedemotos.info\/index.php\/wp-json\/wp\/v2\/product"}],"about":[{"href":"https:\/\/desguacedemotos.info\/index.php\/wp-json\/wp\/v2\/types\/product"}],"version-history":[{"count":0,"href":"https:\/\/desguacedemotos.info\/index.php\/wp-json\/wp\/v2\/product\/14175\/revisions"}],"wp:featuredmedia":[{"embeddable":true,"href":"https:\/\/desguacedemotos.info\/index.php\/wp-json\/wp\/v2\/media\/2635"}],"wp:attachment":[{"href":"https:\/\/desguacedemotos.info\/index.php\/wp-json\/wp\/v2\/media?parent=14175"}],"wp:term":[{"taxonomy":"product_cat","embeddable":true,"href":"https:\/\/desguacedemotos.info\/index.php\/wp-json\/wp\/v2\/product_cat?post=14175"},{"taxonomy":"product_tag","embeddable":true,"href":"https:\/\/desguacedemotos.info\/index.php\/wp-json\/wp\/v2\/product_tag?post=14175"}],"curies":[{"name":"wp","href":"https:\/\/api.w.org\/{rel}","templated":true}]}}