{"id":14207,"date":"2021-04-07T22:23:03","date_gmt":"2021-04-07T22:23:03","guid":{"rendered":"http:\/\/desguacedemotos.info\/index.php\/producto\/motor-piaggio-x9-ano-2001-de-250cc\/"},"modified":"2021-04-07T22:23:03","modified_gmt":"2021-04-07T22:23:03","slug":"motor-piaggio-x9-ano-2001-de-250cc","status":"publish","type":"product","link":"https:\/\/desguacedemotos.info\/index.php\/producto\/motor-piaggio-x9-ano-2001-de-250cc\/","title":{"rendered":"MOTOR PIAGGIO X9 A\u00d1O 2001 DE 250CC"},"content":{"rendered":"<p>Motor piaggio x9 a\u00f1o 2001 de 250cc tengo carburador tubo de escape motor de arranque rueda alternador etc est\u00e1 funcionando perfectamente. Recambio usado, entrega en mano o env\u00edo a toda Espa\u00f1a. Llamenos de lunes a viernes de 10 a 20 y s\u00e1bados de 10 a 14.<\/p>\n","protected":false},"excerpt":{"rendered":"<p>Motor piaggio x9 a\u00f1o 2001 de 250cc tengo carburador tubo de escape motor de arranque rueda alternador etc est\u00e1 funcionando perfectamente. Recambio usado, entrega en mano o env\u00edo a toda Espa\u00f1a. Llamenos de lunes a viernes de 10 a 20 y s\u00e1bados de 10 a 14.<\/p>\n","protected":false},"featured_media":4059,"template":"","meta":{"neve_meta_sidebar":"","neve_meta_container":"","neve_meta_enable_content_width":"","neve_meta_content_width":0,"neve_meta_title_alignment":"","neve_meta_author_avatar":"","neve_post_elements_order":"","neve_meta_disable_header":"","neve_meta_disable_footer":"","neve_meta_disable_title":"","_ti_tpc_template_sync":false,"_ti_tpc_template_id":"","_joinchat":[]},"product_cat":[1411],"product_tag":[],"_links":{"self":[{"href":"https:\/\/desguacedemotos.info\/index.php\/wp-json\/wp\/v2\/product\/14207"}],"collection":[{"href":"https:\/\/desguacedemotos.info\/index.php\/wp-json\/wp\/v2\/product"}],"about":[{"href":"https:\/\/desguacedemotos.info\/index.php\/wp-json\/wp\/v2\/types\/product"}],"version-history":[{"count":0,"href":"https:\/\/desguacedemotos.info\/index.php\/wp-json\/wp\/v2\/product\/14207\/revisions"}],"wp:featuredmedia":[{"embeddable":true,"href":"https:\/\/desguacedemotos.info\/index.php\/wp-json\/wp\/v2\/media\/4059"}],"wp:attachment":[{"href":"https:\/\/desguacedemotos.info\/index.php\/wp-json\/wp\/v2\/media?parent=14207"}],"wp:term":[{"taxonomy":"product_cat","embeddable":true,"href":"https:\/\/desguacedemotos.info\/index.php\/wp-json\/wp\/v2\/product_cat?post=14207"},{"taxonomy":"product_tag","embeddable":true,"href":"https:\/\/desguacedemotos.info\/index.php\/wp-json\/wp\/v2\/product_tag?post=14207"}],"curies":[{"name":"wp","href":"https:\/\/api.w.org\/{rel}","templated":true}]}}