{"id":14320,"date":"2021-04-07T22:25:24","date_gmt":"2021-04-07T22:25:24","guid":{"rendered":"http:\/\/desguacedemotos.info\/index.php\/producto\/ruedas-traseras-polaris-sportsman-700\/"},"modified":"2021-04-07T22:25:24","modified_gmt":"2021-04-07T22:25:24","slug":"ruedas-traseras-polaris-sportsman-700","status":"publish","type":"product","link":"https:\/\/desguacedemotos.info\/index.php\/producto\/ruedas-traseras-polaris-sportsman-700\/","title":{"rendered":"ruedas traseras Polaris Sportsman 700"},"content":{"rendered":"<p>Estaban montados en un Sportsman del a\u00f1o 2002 neum\u00e1ticos a medio uso est\u00e1n justo en el estado que se ven en las fotos se pueden entregar en mano o enviamos a toda Espa\u00f1a<\/p>\n","protected":false},"excerpt":{"rendered":"<p>Estaban montados en un Sportsman del a\u00f1o 2002 neum\u00e1ticos a medio uso est\u00e1n justo en el estado que se ven en las fotos se pueden entregar en mano o enviamos a toda Espa\u00f1a<\/p>\n","protected":false},"featured_media":1863,"template":"","meta":{"neve_meta_sidebar":"","neve_meta_container":"","neve_meta_enable_content_width":"","neve_meta_content_width":0,"neve_meta_title_alignment":"","neve_meta_author_avatar":"","neve_post_elements_order":"","neve_meta_disable_header":"","neve_meta_disable_footer":"","neve_meta_disable_title":"","_ti_tpc_template_sync":false,"_ti_tpc_template_id":"","_joinchat":[]},"product_cat":[1433],"product_tag":[],"_links":{"self":[{"href":"https:\/\/desguacedemotos.info\/index.php\/wp-json\/wp\/v2\/product\/14320"}],"collection":[{"href":"https:\/\/desguacedemotos.info\/index.php\/wp-json\/wp\/v2\/product"}],"about":[{"href":"https:\/\/desguacedemotos.info\/index.php\/wp-json\/wp\/v2\/types\/product"}],"version-history":[{"count":0,"href":"https:\/\/desguacedemotos.info\/index.php\/wp-json\/wp\/v2\/product\/14320\/revisions"}],"wp:featuredmedia":[{"embeddable":true,"href":"https:\/\/desguacedemotos.info\/index.php\/wp-json\/wp\/v2\/media\/1863"}],"wp:attachment":[{"href":"https:\/\/desguacedemotos.info\/index.php\/wp-json\/wp\/v2\/media?parent=14320"}],"wp:term":[{"taxonomy":"product_cat","embeddable":true,"href":"https:\/\/desguacedemotos.info\/index.php\/wp-json\/wp\/v2\/product_cat?post=14320"},{"taxonomy":"product_tag","embeddable":true,"href":"https:\/\/desguacedemotos.info\/index.php\/wp-json\/wp\/v2\/product_tag?post=14320"}],"curies":[{"name":"wp","href":"https:\/\/api.w.org\/{rel}","templated":true}]}}