{"id":14345,"date":"2021-04-07T22:26:48","date_gmt":"2021-04-07T22:26:48","guid":{"rendered":"http:\/\/desguacedemotos.info\/index.php\/producto\/despiece-rieju-matrix-rs2\/"},"modified":"2021-04-07T22:26:48","modified_gmt":"2021-04-07T22:26:48","slug":"despiece-rieju-matrix-rs2","status":"publish","type":"product","link":"https:\/\/desguacedemotos.info\/index.php\/producto\/despiece-rieju-matrix-rs2\/","title":{"rendered":"DESPIECE RIEJU MATRIX RS2"},"content":{"rendered":"<p>NO ME QUEDAN PL\u00c1STICOS NI ESTRIBERAS, DEP\u00d3SITO 40 EUROS vendo lo que se ve en las im\u00e1genes tengo todo lo que sale, ruedas, deposito, freno delantero , tapas tipo boomerang laterales etc. . precios econ\u00f3micos<\/p>\n","protected":false},"excerpt":{"rendered":"<p>NO ME QUEDAN PL\u00c1STICOS NI ESTRIBERAS, DEP\u00d3SITO 40 EUROS vendo lo que se ve en las im\u00e1genes tengo todo lo que sale, ruedas, deposito, freno delantero , tapas tipo boomerang laterales etc. . precios econ\u00f3micos<\/p>\n","protected":false},"featured_media":1550,"template":"","meta":{"neve_meta_sidebar":"","neve_meta_container":"","neve_meta_enable_content_width":"","neve_meta_content_width":0,"neve_meta_title_alignment":"","neve_meta_author_avatar":"","neve_post_elements_order":"","neve_meta_disable_header":"","neve_meta_disable_footer":"","neve_meta_disable_title":"","_ti_tpc_template_sync":false,"_ti_tpc_template_id":"","_joinchat":[]},"product_cat":[1440],"product_tag":[],"_links":{"self":[{"href":"https:\/\/desguacedemotos.info\/index.php\/wp-json\/wp\/v2\/product\/14345"}],"collection":[{"href":"https:\/\/desguacedemotos.info\/index.php\/wp-json\/wp\/v2\/product"}],"about":[{"href":"https:\/\/desguacedemotos.info\/index.php\/wp-json\/wp\/v2\/types\/product"}],"version-history":[{"count":0,"href":"https:\/\/desguacedemotos.info\/index.php\/wp-json\/wp\/v2\/product\/14345\/revisions"}],"wp:featuredmedia":[{"embeddable":true,"href":"https:\/\/desguacedemotos.info\/index.php\/wp-json\/wp\/v2\/media\/1550"}],"wp:attachment":[{"href":"https:\/\/desguacedemotos.info\/index.php\/wp-json\/wp\/v2\/media?parent=14345"}],"wp:term":[{"taxonomy":"product_cat","embeddable":true,"href":"https:\/\/desguacedemotos.info\/index.php\/wp-json\/wp\/v2\/product_cat?post=14345"},{"taxonomy":"product_tag","embeddable":true,"href":"https:\/\/desguacedemotos.info\/index.php\/wp-json\/wp\/v2\/product_tag?post=14345"}],"curies":[{"name":"wp","href":"https:\/\/api.w.org\/{rel}","templated":true}]}}