{"id":14382,"date":"2021-04-07T22:28:23","date_gmt":"2021-04-07T22:28:23","guid":{"rendered":"http:\/\/desguacedemotos.info\/index.php\/producto\/despiece-suzuki-an-burgman-250cc-2005\/"},"modified":"2021-04-07T22:28:23","modified_gmt":"2021-04-07T22:28:23","slug":"despiece-suzuki-an-burgman-250cc-2005","status":"publish","type":"product","link":"https:\/\/desguacedemotos.info\/index.php\/producto\/despiece-suzuki-an-burgman-250cc-2005\/","title":{"rendered":"despiece Suzuki an burgman 250cc 2005"},"content":{"rendered":"<p>Disponemos de despiece de esta moto! Con siniestro frontal, motor 20000 km perfecto estado, tubo de escape centralita pl\u00e1sticos traseros rueda trasera frenos retrovisores injection etc&#8230; Entregamos en mano o env\u00edo a toda espa\u00f1a. Moto recambios Vidan. Color blanco. 615213587<\/p>\n","protected":false},"excerpt":{"rendered":"<p>Disponemos de despiece de esta moto! Con siniestro frontal, motor 20000 km perfecto estado, tubo de escape centralita pl\u00e1sticos traseros rueda trasera frenos retrovisores injection etc&#8230; Entregamos en mano o env\u00edo a toda espa\u00f1a. Moto recambios Vidan. Color blanco. 615213587<\/p>\n","protected":false},"featured_media":1523,"template":"","meta":{"neve_meta_sidebar":"","neve_meta_container":"","neve_meta_enable_content_width":"","neve_meta_content_width":0,"neve_meta_title_alignment":"","neve_meta_author_avatar":"","neve_post_elements_order":"","neve_meta_disable_header":"","neve_meta_disable_footer":"","neve_meta_disable_title":"","_ti_tpc_template_sync":false,"_ti_tpc_template_id":"","_joinchat":[]},"product_cat":[1458],"product_tag":[],"_links":{"self":[{"href":"https:\/\/desguacedemotos.info\/index.php\/wp-json\/wp\/v2\/product\/14382"}],"collection":[{"href":"https:\/\/desguacedemotos.info\/index.php\/wp-json\/wp\/v2\/product"}],"about":[{"href":"https:\/\/desguacedemotos.info\/index.php\/wp-json\/wp\/v2\/types\/product"}],"version-history":[{"count":0,"href":"https:\/\/desguacedemotos.info\/index.php\/wp-json\/wp\/v2\/product\/14382\/revisions"}],"wp:featuredmedia":[{"embeddable":true,"href":"https:\/\/desguacedemotos.info\/index.php\/wp-json\/wp\/v2\/media\/1523"}],"wp:attachment":[{"href":"https:\/\/desguacedemotos.info\/index.php\/wp-json\/wp\/v2\/media?parent=14382"}],"wp:term":[{"taxonomy":"product_cat","embeddable":true,"href":"https:\/\/desguacedemotos.info\/index.php\/wp-json\/wp\/v2\/product_cat?post=14382"},{"taxonomy":"product_tag","embeddable":true,"href":"https:\/\/desguacedemotos.info\/index.php\/wp-json\/wp\/v2\/product_tag?post=14382"}],"curies":[{"name":"wp","href":"https:\/\/api.w.org\/{rel}","templated":true}]}}