{"id":14383,"date":"2021-04-07T22:28:24","date_gmt":"2021-04-07T22:28:24","guid":{"rendered":"http:\/\/desguacedemotos.info\/index.php\/producto\/suzuki-sv-650-s-2002\/"},"modified":"2021-04-07T22:28:24","modified_gmt":"2021-04-07T22:28:24","slug":"suzuki-sv-650-s-2002","status":"publish","type":"product","link":"https:\/\/desguacedemotos.info\/index.php\/producto\/suzuki-sv-650-s-2002\/","title":{"rendered":"SUZUKI SV 650 S 2002"},"content":{"rendered":"<p>Pl\u00e1stico delantero derecho en mal estado, sill\u00f3nes mal, chasis documentado con itv, marcador, cdi, ruedas, horquilla invertida, todo en buen estado, . chasis documentado 300, motor con sonido pribable de viela 300 euros O por piezas preguntar , rueda trasera completa 200, delantera 100, alternador 100 motor de arranque 90, marcador 120, horquilla 300, resto preguntar. Recambio usado, entrega en mano o env\u00edo a toda Espa\u00f1a. Llamenos de lunes a viernes de 10 a 20 y s\u00e1bados de 10 a 14.<\/p>\n","protected":false},"excerpt":{"rendered":"<p>Pl\u00e1stico delantero derecho en mal estado, sill\u00f3nes mal, chasis documentado con itv, marcador, cdi, ruedas, horquilla invertida, todo en buen estado, . chasis documentado 300, motor con sonido pribable de viela 300 euros O por piezas preguntar , rueda trasera completa 200, delantera 100, alternador 100 motor de arranque 90, marcador 120, horquilla 300, resto&hellip;&nbsp;<a href=\"https:\/\/desguacedemotos.info\/index.php\/producto\/suzuki-sv-650-s-2002\/\" class=\"\" rel=\"bookmark\">Leer m\u00e1s &raquo;<span class=\"screen-reader-text\">SUZUKI SV 650 S 2002<\/span><\/a><\/p>\n","protected":false},"featured_media":1535,"template":"","meta":{"neve_meta_sidebar":"","neve_meta_container":"","neve_meta_enable_content_width":"","neve_meta_content_width":0,"neve_meta_title_alignment":"","neve_meta_author_avatar":"","neve_post_elements_order":"","neve_meta_disable_header":"","neve_meta_disable_footer":"","neve_meta_disable_title":"","_ti_tpc_template_sync":false,"_ti_tpc_template_id":"","_joinchat":[]},"product_cat":[1453],"product_tag":[],"_links":{"self":[{"href":"https:\/\/desguacedemotos.info\/index.php\/wp-json\/wp\/v2\/product\/14383"}],"collection":[{"href":"https:\/\/desguacedemotos.info\/index.php\/wp-json\/wp\/v2\/product"}],"about":[{"href":"https:\/\/desguacedemotos.info\/index.php\/wp-json\/wp\/v2\/types\/product"}],"version-history":[{"count":0,"href":"https:\/\/desguacedemotos.info\/index.php\/wp-json\/wp\/v2\/product\/14383\/revisions"}],"wp:featuredmedia":[{"embeddable":true,"href":"https:\/\/desguacedemotos.info\/index.php\/wp-json\/wp\/v2\/media\/1535"}],"wp:attachment":[{"href":"https:\/\/desguacedemotos.info\/index.php\/wp-json\/wp\/v2\/media?parent=14383"}],"wp:term":[{"taxonomy":"product_cat","embeddable":true,"href":"https:\/\/desguacedemotos.info\/index.php\/wp-json\/wp\/v2\/product_cat?post=14383"},{"taxonomy":"product_tag","embeddable":true,"href":"https:\/\/desguacedemotos.info\/index.php\/wp-json\/wp\/v2\/product_tag?post=14383"}],"curies":[{"name":"wp","href":"https:\/\/api.w.org\/{rel}","templated":true}]}}