{"id":14387,"date":"2021-04-07T22:28:24","date_gmt":"2021-04-07T22:28:24","guid":{"rendered":"http:\/\/desguacedemotos.info\/index.php\/producto\/cachas-traseras-suzuki-gs-500-e\/"},"modified":"2021-04-07T22:28:24","modified_gmt":"2021-04-07T22:28:24","slug":"cachas-traseras-suzuki-gs-500-e","status":"publish","type":"product","link":"https:\/\/desguacedemotos.info\/index.php\/producto\/cachas-traseras-suzuki-gs-500-e\/","title":{"rendered":"cachas traseras suzuki gs 500 E"},"content":{"rendered":"<p>Es del a\u00f1o 1994 las tapas est\u00e1n para darles un repaso de pintura y tiene la raja que se ve en la segunda foto una de ellas entrega en mano o env\u00edo a toda Espa\u00f1a<\/p>\n","protected":false},"excerpt":{"rendered":"<p>Es del a\u00f1o 1994 las tapas est\u00e1n para darles un repaso de pintura y tiene la raja que se ve en la segunda foto una de ellas entrega en mano o env\u00edo a toda Espa\u00f1a<\/p>\n","protected":false},"featured_media":1819,"template":"","meta":{"neve_meta_sidebar":"","neve_meta_container":"","neve_meta_enable_content_width":"","neve_meta_content_width":0,"neve_meta_title_alignment":"","neve_meta_author_avatar":"","neve_post_elements_order":"","neve_meta_disable_header":"","neve_meta_disable_footer":"","neve_meta_disable_title":"","_ti_tpc_template_sync":false,"_ti_tpc_template_id":"","_joinchat":[]},"product_cat":[1451],"product_tag":[],"_links":{"self":[{"href":"https:\/\/desguacedemotos.info\/index.php\/wp-json\/wp\/v2\/product\/14387"}],"collection":[{"href":"https:\/\/desguacedemotos.info\/index.php\/wp-json\/wp\/v2\/product"}],"about":[{"href":"https:\/\/desguacedemotos.info\/index.php\/wp-json\/wp\/v2\/types\/product"}],"version-history":[{"count":0,"href":"https:\/\/desguacedemotos.info\/index.php\/wp-json\/wp\/v2\/product\/14387\/revisions"}],"wp:featuredmedia":[{"embeddable":true,"href":"https:\/\/desguacedemotos.info\/index.php\/wp-json\/wp\/v2\/media\/1819"}],"wp:attachment":[{"href":"https:\/\/desguacedemotos.info\/index.php\/wp-json\/wp\/v2\/media?parent=14387"}],"wp:term":[{"taxonomy":"product_cat","embeddable":true,"href":"https:\/\/desguacedemotos.info\/index.php\/wp-json\/wp\/v2\/product_cat?post=14387"},{"taxonomy":"product_tag","embeddable":true,"href":"https:\/\/desguacedemotos.info\/index.php\/wp-json\/wp\/v2\/product_tag?post=14387"}],"curies":[{"name":"wp","href":"https:\/\/api.w.org\/{rel}","templated":true}]}}