{"id":14390,"date":"2021-04-07T22:28:25","date_gmt":"2021-04-07T22:28:25","guid":{"rendered":"http:\/\/desguacedemotos.info\/index.php\/producto\/suzuki-tu-250-sin-papeles\/"},"modified":"2021-04-07T22:28:25","modified_gmt":"2021-04-07T22:28:25","slug":"suzuki-tu-250-sin-papeles","status":"publish","type":"product","link":"https:\/\/desguacedemotos.info\/index.php\/producto\/suzuki-tu-250-sin-papeles\/","title":{"rendered":"Suzuki tu 250 sin papeles"},"content":{"rendered":"<p>La moto se encuentra dada de baja definitiva en tr\u00e1fico no entrego ninguna documentaci\u00f3n de ella est\u00e1 en buen estado de funcionamiento se puede vender completa o por piezas el precio ser\u00eda el motor 350 tubo de escape 100 dep\u00f3sito 100 \u20ac Colin con asientos 100 \u20ac rueda delantera 120 rueda trasera 140 resto de piezas preguntar completa 600<\/p>\n","protected":false},"excerpt":{"rendered":"<p>La moto se encuentra dada de baja definitiva en tr\u00e1fico no entrego ninguna documentaci\u00f3n de ella est\u00e1 en buen estado de funcionamiento se puede vender completa o por piezas el precio ser\u00eda el motor 350 tubo de escape 100 dep\u00f3sito 100 \u20ac Colin con asientos 100 \u20ac rueda delantera 120 rueda trasera 140 resto de&hellip;&nbsp;<a href=\"https:\/\/desguacedemotos.info\/index.php\/producto\/suzuki-tu-250-sin-papeles\/\" class=\"\" rel=\"bookmark\">Leer m\u00e1s &raquo;<span class=\"screen-reader-text\">Suzuki tu 250 sin papeles<\/span><\/a><\/p>\n","protected":false},"featured_media":1847,"template":"","meta":{"neve_meta_sidebar":"","neve_meta_container":"","neve_meta_enable_content_width":"","neve_meta_content_width":0,"neve_meta_title_alignment":"","neve_meta_author_avatar":"","neve_post_elements_order":"","neve_meta_disable_header":"","neve_meta_disable_footer":"","neve_meta_disable_title":"","_ti_tpc_template_sync":false,"_ti_tpc_template_id":"","_joinchat":[]},"product_cat":[1461],"product_tag":[],"_links":{"self":[{"href":"https:\/\/desguacedemotos.info\/index.php\/wp-json\/wp\/v2\/product\/14390"}],"collection":[{"href":"https:\/\/desguacedemotos.info\/index.php\/wp-json\/wp\/v2\/product"}],"about":[{"href":"https:\/\/desguacedemotos.info\/index.php\/wp-json\/wp\/v2\/types\/product"}],"version-history":[{"count":0,"href":"https:\/\/desguacedemotos.info\/index.php\/wp-json\/wp\/v2\/product\/14390\/revisions"}],"wp:featuredmedia":[{"embeddable":true,"href":"https:\/\/desguacedemotos.info\/index.php\/wp-json\/wp\/v2\/media\/1847"}],"wp:attachment":[{"href":"https:\/\/desguacedemotos.info\/index.php\/wp-json\/wp\/v2\/media?parent=14390"}],"wp:term":[{"taxonomy":"product_cat","embeddable":true,"href":"https:\/\/desguacedemotos.info\/index.php\/wp-json\/wp\/v2\/product_cat?post=14390"},{"taxonomy":"product_tag","embeddable":true,"href":"https:\/\/desguacedemotos.info\/index.php\/wp-json\/wp\/v2\/product_tag?post=14390"}],"curies":[{"name":"wp","href":"https:\/\/api.w.org\/{rel}","templated":true}]}}