{"id":14436,"date":"2021-04-07T22:28:35","date_gmt":"2021-04-07T22:28:35","guid":{"rendered":"http:\/\/desguacedemotos.info\/index.php\/producto\/horquilla-suzuki-gsx-600f-1989\/"},"modified":"2021-04-07T22:28:35","modified_gmt":"2021-04-07T22:28:35","slug":"horquilla-suzuki-gsx-600f-1989","status":"publish","type":"product","link":"https:\/\/desguacedemotos.info\/index.php\/producto\/horquilla-suzuki-gsx-600f-1989\/","title":{"rendered":"HORQUILLA SUZUKI GSX 600F 1989"},"content":{"rendered":"<p>Horquilla Perfecto estado completa 200 euros, guardabarros delantero 40, semimanillares 30 unidad mandos de luces 30 unidad pinzas de freno 70 la pareja bomba de freno delantero 50 euros. Recambio usado, entrega en mano o env\u00edo a toda Espa\u00f1a. Llamenos de lunes a viernes de 10 a 20 y s\u00e1bados de 10 a 14.<\/p>\n","protected":false},"excerpt":{"rendered":"<p>Horquilla Perfecto estado completa 200 euros, guardabarros delantero 40, semimanillares 30 unidad mandos de luces 30 unidad pinzas de freno 70 la pareja bomba de freno delantero 50 euros. Recambio usado, entrega en mano o env\u00edo a toda Espa\u00f1a. Llamenos de lunes a viernes de 10 a 20 y s\u00e1bados de 10 a 14.<\/p>\n","protected":false},"featured_media":2687,"template":"","meta":{"neve_meta_sidebar":"","neve_meta_container":"","neve_meta_enable_content_width":"","neve_meta_content_width":0,"neve_meta_title_alignment":"","neve_meta_author_avatar":"","neve_post_elements_order":"","neve_meta_disable_header":"","neve_meta_disable_footer":"","neve_meta_disable_title":"","_ti_tpc_template_sync":false,"_ti_tpc_template_id":"","_joinchat":[]},"product_cat":[1445],"product_tag":[],"_links":{"self":[{"href":"https:\/\/desguacedemotos.info\/index.php\/wp-json\/wp\/v2\/product\/14436"}],"collection":[{"href":"https:\/\/desguacedemotos.info\/index.php\/wp-json\/wp\/v2\/product"}],"about":[{"href":"https:\/\/desguacedemotos.info\/index.php\/wp-json\/wp\/v2\/types\/product"}],"version-history":[{"count":0,"href":"https:\/\/desguacedemotos.info\/index.php\/wp-json\/wp\/v2\/product\/14436\/revisions"}],"wp:featuredmedia":[{"embeddable":true,"href":"https:\/\/desguacedemotos.info\/index.php\/wp-json\/wp\/v2\/media\/2687"}],"wp:attachment":[{"href":"https:\/\/desguacedemotos.info\/index.php\/wp-json\/wp\/v2\/media?parent=14436"}],"wp:term":[{"taxonomy":"product_cat","embeddable":true,"href":"https:\/\/desguacedemotos.info\/index.php\/wp-json\/wp\/v2\/product_cat?post=14436"},{"taxonomy":"product_tag","embeddable":true,"href":"https:\/\/desguacedemotos.info\/index.php\/wp-json\/wp\/v2\/product_tag?post=14436"}],"curies":[{"name":"wp","href":"https:\/\/api.w.org\/{rel}","templated":true}]}}