{"id":14479,"date":"2021-04-07T22:28:43","date_gmt":"2021-04-07T22:28:43","guid":{"rendered":"http:\/\/desguacedemotos.info\/index.php\/producto\/suzuki-tu-250cc\/"},"modified":"2021-04-07T22:28:43","modified_gmt":"2021-04-07T22:28:43","slug":"suzuki-tu-250cc","status":"publish","type":"product","link":"https:\/\/desguacedemotos.info\/index.php\/producto\/suzuki-tu-250cc\/","title":{"rendered":"suzuki tu 250cc"},"content":{"rendered":"<p>La moto est\u00e1 de baja definitiva lo cual no se puede rehabilitar ni entreg\u00f3 ninguna documentaci\u00f3n de ella as\u00ed que hacen Anse ese tipo de preguntas dejo todo muy claro en el anuncio la moto entera ser\u00edan 600 \u20ac funcionando perfectamente por piezas preguntar precios entrega en mano o env\u00edo a toda Espa\u00f1a<\/p>\n","protected":false},"excerpt":{"rendered":"<p>La moto est\u00e1 de baja definitiva lo cual no se puede rehabilitar ni entreg\u00f3 ninguna documentaci\u00f3n de ella as\u00ed que hacen Anse ese tipo de preguntas dejo todo muy claro en el anuncio la moto entera ser\u00edan 600 \u20ac funcionando perfectamente por piezas preguntar precios entrega en mano o env\u00edo a toda Espa\u00f1a<\/p>\n","protected":false},"featured_media":3575,"template":"","meta":{"neve_meta_sidebar":"","neve_meta_container":"","neve_meta_enable_content_width":"","neve_meta_content_width":0,"neve_meta_title_alignment":"","neve_meta_author_avatar":"","neve_post_elements_order":"","neve_meta_disable_header":"","neve_meta_disable_footer":"","neve_meta_disable_title":"","_ti_tpc_template_sync":false,"_ti_tpc_template_id":"","_joinchat":[]},"product_cat":[1461],"product_tag":[],"_links":{"self":[{"href":"https:\/\/desguacedemotos.info\/index.php\/wp-json\/wp\/v2\/product\/14479"}],"collection":[{"href":"https:\/\/desguacedemotos.info\/index.php\/wp-json\/wp\/v2\/product"}],"about":[{"href":"https:\/\/desguacedemotos.info\/index.php\/wp-json\/wp\/v2\/types\/product"}],"version-history":[{"count":0,"href":"https:\/\/desguacedemotos.info\/index.php\/wp-json\/wp\/v2\/product\/14479\/revisions"}],"wp:featuredmedia":[{"embeddable":true,"href":"https:\/\/desguacedemotos.info\/index.php\/wp-json\/wp\/v2\/media\/3575"}],"wp:attachment":[{"href":"https:\/\/desguacedemotos.info\/index.php\/wp-json\/wp\/v2\/media?parent=14479"}],"wp:term":[{"taxonomy":"product_cat","embeddable":true,"href":"https:\/\/desguacedemotos.info\/index.php\/wp-json\/wp\/v2\/product_cat?post=14479"},{"taxonomy":"product_tag","embeddable":true,"href":"https:\/\/desguacedemotos.info\/index.php\/wp-json\/wp\/v2\/product_tag?post=14479"}],"curies":[{"name":"wp","href":"https:\/\/api.w.org\/{rel}","templated":true}]}}