{"id":14535,"date":"2021-04-07T22:28:56","date_gmt":"2021-04-07T22:28:56","guid":{"rendered":"http:\/\/desguacedemotos.info\/index.php\/producto\/suzuki-gs-500e\/"},"modified":"2021-04-07T22:28:56","modified_gmt":"2021-04-07T22:28:56","slug":"suzuki-gs-500e","status":"publish","type":"product","link":"https:\/\/desguacedemotos.info\/index.php\/producto\/suzuki-gs-500e\/","title":{"rendered":"SUZUKI GS 500E"},"content":{"rendered":"<p>Dispongo de recambios de Suzuki GS 500 e a\u00f1o 1991 todo en buenas condiciones, horquilla 100 \u20ac colectores 70 \u20ac rueda delantera completa en perfectas condiciones 80 \u20ac guardabarros delantero 30 \u20ac faro delantero 30 \u20ac freno delantero completo 50 \u20ac envio 20 \u20ac. Recambio usado, entrega en mano o env\u00edo a toda Espa\u00f1a. Llamenos de lunes a viernes de 10 a 20 y s\u00e1bados de 10 a 14.<\/p>\n","protected":false},"excerpt":{"rendered":"<p>Dispongo de recambios de Suzuki GS 500 e a\u00f1o 1991 todo en buenas condiciones, horquilla 100 \u20ac colectores 70 \u20ac rueda delantera completa en perfectas condiciones 80 \u20ac guardabarros delantero 30 \u20ac faro delantero 30 \u20ac freno delantero completo 50 \u20ac envio 20 \u20ac. Recambio usado, entrega en mano o env\u00edo a toda Espa\u00f1a. Llamenos&hellip;&nbsp;<a href=\"https:\/\/desguacedemotos.info\/index.php\/producto\/suzuki-gs-500e\/\" class=\"\" rel=\"bookmark\">Leer m\u00e1s &raquo;<span class=\"screen-reader-text\">SUZUKI GS 500E<\/span><\/a><\/p>\n","protected":false},"featured_media":4675,"template":"","meta":{"neve_meta_sidebar":"","neve_meta_container":"","neve_meta_enable_content_width":"","neve_meta_content_width":0,"neve_meta_title_alignment":"","neve_meta_author_avatar":"","neve_post_elements_order":"","neve_meta_disable_header":"","neve_meta_disable_footer":"","neve_meta_disable_title":"","_ti_tpc_template_sync":false,"_ti_tpc_template_id":"","_joinchat":[]},"product_cat":[1451],"product_tag":[],"_links":{"self":[{"href":"https:\/\/desguacedemotos.info\/index.php\/wp-json\/wp\/v2\/product\/14535"}],"collection":[{"href":"https:\/\/desguacedemotos.info\/index.php\/wp-json\/wp\/v2\/product"}],"about":[{"href":"https:\/\/desguacedemotos.info\/index.php\/wp-json\/wp\/v2\/types\/product"}],"version-history":[{"count":0,"href":"https:\/\/desguacedemotos.info\/index.php\/wp-json\/wp\/v2\/product\/14535\/revisions"}],"wp:featuredmedia":[{"embeddable":true,"href":"https:\/\/desguacedemotos.info\/index.php\/wp-json\/wp\/v2\/media\/4675"}],"wp:attachment":[{"href":"https:\/\/desguacedemotos.info\/index.php\/wp-json\/wp\/v2\/media?parent=14535"}],"wp:term":[{"taxonomy":"product_cat","embeddable":true,"href":"https:\/\/desguacedemotos.info\/index.php\/wp-json\/wp\/v2\/product_cat?post=14535"},{"taxonomy":"product_tag","embeddable":true,"href":"https:\/\/desguacedemotos.info\/index.php\/wp-json\/wp\/v2\/product_tag?post=14535"}],"curies":[{"name":"wp","href":"https:\/\/api.w.org\/{rel}","templated":true}]}}