{"id":14545,"date":"2021-04-07T22:28:58","date_gmt":"2021-04-07T22:28:58","guid":{"rendered":"http:\/\/desguacedemotos.info\/index.php\/producto\/despiece-suzuki-gs500e\/"},"modified":"2021-04-07T22:28:58","modified_gmt":"2021-04-07T22:28:58","slug":"despiece-suzuki-gs500e","status":"publish","type":"product","link":"https:\/\/desguacedemotos.info\/index.php\/producto\/despiece-suzuki-gs500e\/","title":{"rendered":"DESPIECE SUZUKI GS500E"},"content":{"rendered":"<p>Despiece suzuki gs 500 e a\u00f1o 1990 en buenas condiciones dispongo de las piezas de las fotos deposito en buen estado 80 \u20ac tija superior 20 \u20ac sill\u00f3n 40 \u20ac silencioso 90 \u20ac mandos de luces 15 \u20ac unidad soporte agarre trasero 20 \u20ac corona con plato trasero 30 freno trasero completo 50 \u20ac estribera derecha delantera 30 \u20ac. Recambio usado, entrega en mano o env\u00edo a toda Espa\u00f1a. Llamenos de lunes a viernes de 10 a 20 y s\u00e1bados de 10 a 14.<\/p>\n","protected":false},"excerpt":{"rendered":"<p>Despiece suzuki gs 500 e a\u00f1o 1990 en buenas condiciones dispongo de las piezas de las fotos deposito en buen estado 80 \u20ac tija superior 20 \u20ac sill\u00f3n 40 \u20ac silencioso 90 \u20ac mandos de luces 15 \u20ac unidad soporte agarre trasero 20 \u20ac corona con plato trasero 30 freno trasero completo 50 \u20ac estribera&hellip;&nbsp;<a href=\"https:\/\/desguacedemotos.info\/index.php\/producto\/despiece-suzuki-gs500e\/\" class=\"\" rel=\"bookmark\">Leer m\u00e1s &raquo;<span class=\"screen-reader-text\">DESPIECE SUZUKI GS500E<\/span><\/a><\/p>\n","protected":false},"featured_media":4951,"template":"","meta":{"neve_meta_sidebar":"","neve_meta_container":"","neve_meta_enable_content_width":"","neve_meta_content_width":0,"neve_meta_title_alignment":"","neve_meta_author_avatar":"","neve_post_elements_order":"","neve_meta_disable_header":"","neve_meta_disable_footer":"","neve_meta_disable_title":"","_ti_tpc_template_sync":false,"_ti_tpc_template_id":"","_joinchat":[]},"product_cat":[1451],"product_tag":[],"_links":{"self":[{"href":"https:\/\/desguacedemotos.info\/index.php\/wp-json\/wp\/v2\/product\/14545"}],"collection":[{"href":"https:\/\/desguacedemotos.info\/index.php\/wp-json\/wp\/v2\/product"}],"about":[{"href":"https:\/\/desguacedemotos.info\/index.php\/wp-json\/wp\/v2\/types\/product"}],"version-history":[{"count":0,"href":"https:\/\/desguacedemotos.info\/index.php\/wp-json\/wp\/v2\/product\/14545\/revisions"}],"wp:featuredmedia":[{"embeddable":true,"href":"https:\/\/desguacedemotos.info\/index.php\/wp-json\/wp\/v2\/media\/4951"}],"wp:attachment":[{"href":"https:\/\/desguacedemotos.info\/index.php\/wp-json\/wp\/v2\/media?parent=14545"}],"wp:term":[{"taxonomy":"product_cat","embeddable":true,"href":"https:\/\/desguacedemotos.info\/index.php\/wp-json\/wp\/v2\/product_cat?post=14545"},{"taxonomy":"product_tag","embeddable":true,"href":"https:\/\/desguacedemotos.info\/index.php\/wp-json\/wp\/v2\/product_tag?post=14545"}],"curies":[{"name":"wp","href":"https:\/\/api.w.org\/{rel}","templated":true}]}}